{"id":41320,"date":"2026-02-11T12:11:43","date_gmt":"2026-02-11T11:11:43","guid":{"rendered":"https:\/\/evowatt.ch\/produit\/s-dome-6-15-windbreaker-short-2\/"},"modified":"2026-02-11T16:19:37","modified_gmt":"2026-02-11T15:19:37","slug":"s-dome-6-15-windbreaker-short-2","status":"publish","type":"product","link":"https:\/\/evowatt.ch\/de\/produkt\/s-dome-6-15-windbreaker-short-2\/","title":{"rendered":"S-DOME 6.15 WINDBREAKER SHORT"},"content":{"rendered":"<p>Windbreaker K2 zur Ableitung des Windes von der R\u00fcckseite des S-Dome 6.10 Systems. Geeignet f\u00fcr Modull\u00e4ngen von 1448 mm bis 1799 mm. Material: Stahl mit Magnelis ZM310-Beschichtung  <\/p>\n","protected":false},"excerpt":{"rendered":"<p>Windbreaker K2 zur Ableitung des Windes von der R\u00fcckseite des S-Dome 6.10 Systems. Geeignet f\u00fcr Modull\u00e4ngen von 1448 mm bis 1799 mm. Material: Stahl mit Magnelis ZM310-Beschichtung<\/p>\n","protected":false},"featured_media":42092,"template":"","meta":{"_acf_changed":false},"product_brand":[615],"product_cat":[335],"product_tag":[],"class_list":{"0":"post-41320","1":"product","2":"type-product","3":"status-publish","4":"has-post-thumbnail","6":"product_brand-k2","7":"product_cat-montagesysteme","10":"first","11":"onbackorder","12":"taxable","13":"shipping-taxable","14":"product-type-simple"},"acf":[],"_links":{"self":[{"href":"https:\/\/evowatt.ch\/de\/wp-json\/wp\/v2\/product\/41320","targetHints":{"allow":["GET"]}}],"collection":[{"href":"https:\/\/evowatt.ch\/de\/wp-json\/wp\/v2\/product"}],"about":[{"href":"https:\/\/evowatt.ch\/de\/wp-json\/wp\/v2\/types\/product"}],"version-history":[{"count":0,"href":"https:\/\/evowatt.ch\/de\/wp-json\/wp\/v2\/product\/41320\/revisions"}],"wp:featuredmedia":[{"embeddable":true,"href":"https:\/\/evowatt.ch\/de\/wp-json\/wp\/v2\/media\/42092"}],"wp:attachment":[{"href":"https:\/\/evowatt.ch\/de\/wp-json\/wp\/v2\/media?parent=41320"}],"wp:term":[{"taxonomy":"product_brand","embeddable":true,"href":"https:\/\/evowatt.ch\/de\/wp-json\/wp\/v2\/product_brand?post=41320"},{"taxonomy":"product_cat","embeddable":true,"href":"https:\/\/evowatt.ch\/de\/wp-json\/wp\/v2\/product_cat?post=41320"},{"taxonomy":"product_tag","embeddable":true,"href":"https:\/\/evowatt.ch\/de\/wp-json\/wp\/v2\/product_tag?post=41320"}],"curies":[{"name":"wp","href":"https:\/\/api.w.org\/{rel}","templated":true}]}}