{"id":41317,"date":"2026-02-11T12:11:38","date_gmt":"2026-02-11T11:11:38","guid":{"rendered":"https:\/\/evowatt.ch\/produit\/frontseite-schiene-4-00m\/"},"modified":"2026-02-11T16:19:38","modified_gmt":"2026-02-11T15:19:38","slug":"frontseite-schiene-4-00m","status":"publish","type":"product","link":"https:\/\/evowatt.ch\/de\/produkt\/frontseite-schiene-4-00m\/","title":{"rendered":"FRONTSEITE SCHIENE 4.00M"},"content":{"rendered":"<p>Der K2 FacadeRail wird in Kombination mit der speziellen Fassadenkonsole sicher an einer soliden gemauerten oder Betonfassade befestigt. Hergestellt aus Aluminium EN AW 6063 T66 f\u00fcr maximale Haltbarkeit und Zuverl\u00e4ssigkeit. L\u00e4nge: 4,00 Meter  <\/p>\n","protected":false},"excerpt":{"rendered":"<p>Der K2 FacadeRail wird in Kombination mit der speziellen Fassadenkonsole sicher an einer soliden gemauerten oder Betonfassade befestigt. Hergestellt aus Aluminium EN AW 6063 T66 f\u00fcr maximale Haltbarkeit und Zuverl\u00e4ssigkeit. L\u00e4nge: 4,00 Meter<\/p>\n","protected":false},"featured_media":42098,"template":"","meta":{"_acf_changed":false},"product_brand":[615],"product_cat":[335],"product_tag":[],"class_list":{"0":"post-41317","1":"product","2":"type-product","3":"status-publish","4":"has-post-thumbnail","6":"product_brand-k2","7":"product_cat-montagesysteme","10":"first","11":"onbackorder","12":"taxable","13":"shipping-taxable","14":"product-type-simple"},"acf":[],"_links":{"self":[{"href":"https:\/\/evowatt.ch\/de\/wp-json\/wp\/v2\/product\/41317","targetHints":{"allow":["GET"]}}],"collection":[{"href":"https:\/\/evowatt.ch\/de\/wp-json\/wp\/v2\/product"}],"about":[{"href":"https:\/\/evowatt.ch\/de\/wp-json\/wp\/v2\/types\/product"}],"version-history":[{"count":0,"href":"https:\/\/evowatt.ch\/de\/wp-json\/wp\/v2\/product\/41317\/revisions"}],"wp:featuredmedia":[{"embeddable":true,"href":"https:\/\/evowatt.ch\/de\/wp-json\/wp\/v2\/media\/42098"}],"wp:attachment":[{"href":"https:\/\/evowatt.ch\/de\/wp-json\/wp\/v2\/media?parent=41317"}],"wp:term":[{"taxonomy":"product_brand","embeddable":true,"href":"https:\/\/evowatt.ch\/de\/wp-json\/wp\/v2\/product_brand?post=41317"},{"taxonomy":"product_cat","embeddable":true,"href":"https:\/\/evowatt.ch\/de\/wp-json\/wp\/v2\/product_cat?post=41317"},{"taxonomy":"product_tag","embeddable":true,"href":"https:\/\/evowatt.ch\/de\/wp-json\/wp\/v2\/product_tag?post=41317"}],"curies":[{"name":"wp","href":"https:\/\/api.w.org\/{rel}","templated":true}]}}