{"id":41312,"date":"2026-02-11T12:11:28","date_gmt":"2026-02-11T11:11:28","guid":{"rendered":"https:\/\/evowatt.ch\/produit\/insertionrail-2-0-40-black-5-70m\/"},"modified":"2026-02-11T16:19:41","modified_gmt":"2026-02-11T15:19:41","slug":"insertionrail-2-0-40-black-5-70m","status":"publish","type":"product","link":"https:\/\/evowatt.ch\/de\/produkt\/insertionrail-2-0-40-black-5-70m\/","title":{"rendered":"INSERTIONRAIL 2.0 40 BLACK 5.70M"},"content":{"rendered":"<p>Die InsertionRail 2.0 ist f\u00fcr die Montage von Solarmodulen mit einer Rahmenh\u00f6he von 40 mm konzipiert. Geeignet f\u00fcr die Montage auf Schr\u00e4gd\u00e4chern und f\u00fcr die Fassadenmontage. Dank der CrossConnectors 2.0 kann sie problemlos auf jeder K2-Montageschiene montiert werden. Dar\u00fcber hinaus erm\u00f6glicht er eine direkte Integration in den BasicClip. Material: Aluminium EN AW 6063 T66    <\/p>\n","protected":false},"excerpt":{"rendered":"<p>\u2714 Geeignet f\u00fcr die Montage auf Schr\u00e4gd\u00e4chern und f\u00fcr die Montage an der Fassade. Dank der CrossConnectors 2.0 kann er problemlos an jeder K2-Montageschiene montiert werden. Dar\u00fcber hinaus erm\u00f6glicht er eine direkte Integration in den BasicClip. Material: Aluminium EN AW 6063 T66   <\/p>\n","protected":false},"featured_media":42110,"template":"","meta":{"_acf_changed":false},"product_brand":[615],"product_cat":[335],"product_tag":[],"class_list":{"0":"post-41312","1":"product","2":"type-product","3":"status-publish","4":"has-post-thumbnail","6":"product_brand-k2","7":"product_cat-montagesysteme","10":"first","11":"onbackorder","12":"taxable","13":"shipping-taxable","14":"product-type-simple"},"acf":[],"_links":{"self":[{"href":"https:\/\/evowatt.ch\/de\/wp-json\/wp\/v2\/product\/41312","targetHints":{"allow":["GET"]}}],"collection":[{"href":"https:\/\/evowatt.ch\/de\/wp-json\/wp\/v2\/product"}],"about":[{"href":"https:\/\/evowatt.ch\/de\/wp-json\/wp\/v2\/types\/product"}],"version-history":[{"count":0,"href":"https:\/\/evowatt.ch\/de\/wp-json\/wp\/v2\/product\/41312\/revisions"}],"wp:featuredmedia":[{"embeddable":true,"href":"https:\/\/evowatt.ch\/de\/wp-json\/wp\/v2\/media\/42110"}],"wp:attachment":[{"href":"https:\/\/evowatt.ch\/de\/wp-json\/wp\/v2\/media?parent=41312"}],"wp:term":[{"taxonomy":"product_brand","embeddable":true,"href":"https:\/\/evowatt.ch\/de\/wp-json\/wp\/v2\/product_brand?post=41312"},{"taxonomy":"product_cat","embeddable":true,"href":"https:\/\/evowatt.ch\/de\/wp-json\/wp\/v2\/product_cat?post=41312"},{"taxonomy":"product_tag","embeddable":true,"href":"https:\/\/evowatt.ch\/de\/wp-json\/wp\/v2\/product_tag?post=41312"}],"curies":[{"name":"wp","href":"https:\/\/api.w.org\/{rel}","templated":true}]}}