{"id":41306,"date":"2026-02-11T11:59:40","date_gmt":"2026-02-11T10:59:40","guid":{"rendered":"https:\/\/evowatt.ch\/produit\/ec-l-al-sc-click-6-8\/"},"modified":"2026-02-11T16:23:39","modified_gmt":"2026-02-11T15:23:39","slug":"ec-l-al-sc-click-6-8","status":"publish","type":"product","link":"https:\/\/evowatt.ch\/de\/produkt\/ec-l-al-sc-click-6-8\/","title":{"rendered":"EC L AL SC CLICK 6.8"},"content":{"rendered":"<p>Endb\u00fcgel zur Befestigung von rahmenlosen Modulen. Freigegeben f\u00fcr Module mit einer Glasdicke von 6.8 &#8211; 8.0 mm Material: Aluminium blank, EPDM Bitte beachten Sie, dass f\u00fcr jede Modulklemme eine Zylinderschraube (M8x40 6323303) und eine MK2 Schraube (6316108) ben\u00f6tigt werden, die nicht im Artikel enthalten sind. <\/p>\n","protected":false},"excerpt":{"rendered":"<p>\u2714 freigegeben f\u00fcr Module mit einer Glasdicke von 6.8 &#8211; 8.0 mm Material: Aluminium roh, EPDM<\/p>\n","protected":false},"featured_media":43016,"template":"","meta":{"_acf_changed":false},"product_brand":[615],"product_cat":[335],"product_tag":[],"class_list":{"0":"post-41306","1":"product","2":"type-product","3":"status-publish","4":"has-post-thumbnail","6":"product_brand-k2","7":"product_cat-montagesysteme","10":"first","11":"onbackorder","12":"taxable","13":"shipping-taxable","14":"product-type-simple"},"acf":[],"_links":{"self":[{"href":"https:\/\/evowatt.ch\/de\/wp-json\/wp\/v2\/product\/41306","targetHints":{"allow":["GET"]}}],"collection":[{"href":"https:\/\/evowatt.ch\/de\/wp-json\/wp\/v2\/product"}],"about":[{"href":"https:\/\/evowatt.ch\/de\/wp-json\/wp\/v2\/types\/product"}],"version-history":[{"count":0,"href":"https:\/\/evowatt.ch\/de\/wp-json\/wp\/v2\/product\/41306\/revisions"}],"wp:featuredmedia":[{"embeddable":true,"href":"https:\/\/evowatt.ch\/de\/wp-json\/wp\/v2\/media\/43016"}],"wp:attachment":[{"href":"https:\/\/evowatt.ch\/de\/wp-json\/wp\/v2\/media?parent=41306"}],"wp:term":[{"taxonomy":"product_brand","embeddable":true,"href":"https:\/\/evowatt.ch\/de\/wp-json\/wp\/v2\/product_brand?post=41306"},{"taxonomy":"product_cat","embeddable":true,"href":"https:\/\/evowatt.ch\/de\/wp-json\/wp\/v2\/product_cat?post=41306"},{"taxonomy":"product_tag","embeddable":true,"href":"https:\/\/evowatt.ch\/de\/wp-json\/wp\/v2\/product_tag?post=41306"}],"curies":[{"name":"wp","href":"https:\/\/api.w.org\/{rel}","templated":true}]}}