{"id":41294,"date":"2026-02-11T12:11:10","date_gmt":"2026-02-11T11:11:10","guid":{"rendered":"https:\/\/evowatt.ch\/produit\/rf-pa-coppo-su25\/"},"modified":"2026-02-11T16:19:48","modified_gmt":"2026-02-11T15:19:48","slug":"rf-pa-coppo-su25","status":"publish","type":"product","link":"https:\/\/evowatt.ch\/de\/produkt\/rf-pa-coppo-su25\/","title":{"rendered":"RF PA COPPO (SU=25)"},"content":{"rendered":"<p>Mit 1 H\u00f6henverstellung Arme: min 106 max 136 mm Grundplatte: 150x60x5 Arme: 30&#215;5 mm H\u00f6he unter Arm: 18 mm Gesamth\u00f6he: ca. 137-167 mm Zur Befestigung von K2 Elementen auf Coppo Dachziegeln. Arm mit Langloch f\u00fcr die Montage der Schienen mit Hammerkopfschrauben M10. Material: Edelstahl (1.4016)  <\/p>\n","protected":false},"excerpt":{"rendered":"<p>Mit 1 H\u00f6henverstellung Arme: min 106 max 136 mm Grundplatte: 150x60x5 Arme: 30&#215;5 mm H\u00f6he unter Arm: 18 mm Gesamth\u00f6he: ca. 137-167 mm Zur Befestigung von K2 Elementen auf Coppo Dachziegeln. Arm mit Langloch f\u00fcr die Montage der Schienen mit Hammerkopfschrauben M10. Material: Edelstahl (1.4016)<\/p>\n","protected":false},"featured_media":42134,"template":"","meta":{"_acf_changed":false},"product_brand":[615],"product_cat":[335],"product_tag":[],"class_list":{"0":"post-41294","1":"product","2":"type-product","3":"status-publish","4":"has-post-thumbnail","6":"product_brand-k2","7":"product_cat-montagesysteme","10":"first","11":"onbackorder","12":"taxable","13":"shipping-taxable","14":"product-type-simple"},"acf":[],"_links":{"self":[{"href":"https:\/\/evowatt.ch\/de\/wp-json\/wp\/v2\/product\/41294","targetHints":{"allow":["GET"]}}],"collection":[{"href":"https:\/\/evowatt.ch\/de\/wp-json\/wp\/v2\/product"}],"about":[{"href":"https:\/\/evowatt.ch\/de\/wp-json\/wp\/v2\/types\/product"}],"version-history":[{"count":0,"href":"https:\/\/evowatt.ch\/de\/wp-json\/wp\/v2\/product\/41294\/revisions"}],"wp:featuredmedia":[{"embeddable":true,"href":"https:\/\/evowatt.ch\/de\/wp-json\/wp\/v2\/media\/42134"}],"wp:attachment":[{"href":"https:\/\/evowatt.ch\/de\/wp-json\/wp\/v2\/media?parent=41294"}],"wp:term":[{"taxonomy":"product_brand","embeddable":true,"href":"https:\/\/evowatt.ch\/de\/wp-json\/wp\/v2\/product_brand?post=41294"},{"taxonomy":"product_cat","embeddable":true,"href":"https:\/\/evowatt.ch\/de\/wp-json\/wp\/v2\/product_cat?post=41294"},{"taxonomy":"product_tag","embeddable":true,"href":"https:\/\/evowatt.ch\/de\/wp-json\/wp\/v2\/product_tag?post=41294"}],"curies":[{"name":"wp","href":"https:\/\/api.w.org\/{rel}","templated":true}]}}