{"id":41271,"date":"2026-02-11T12:10:46","date_gmt":"2026-02-11T11:10:46","guid":{"rendered":"https:\/\/evowatt.ch\/produit\/hilti-hus4-hr-8x75-25-15-schraubanker\/"},"modified":"2026-02-11T16:19:55","modified_gmt":"2026-02-11T15:19:55","slug":"hilti-hus4-hr-8x75-25-15-schraubanker","status":"publish","type":"product","link":"https:\/\/evowatt.ch\/de\/produkt\/hilti-hus4-hr-8x75-25-15-schraubanker\/","title":{"rendered":"HILTI HUS4-HR 8X75 25\/15 SCHRAUBANKER"},"content":{"rendered":"<p>Der Hilti HUS4-HR Schraubanker, der f\u00fcr schnelle und kosteng\u00fcnstige Befestigungen in Beton entwickelt wurde, dient als solide Basis f\u00fcr die Montage der Konsole an der Wand. Der Schraubanker ist aus rostfreiem Stahl und verf\u00fcgt \u00fcber eine Brandschutzzulassung (Feuerwiderstand), ETA (EAD 330232) und eine seismische Zulassung der Kategorie C1. Perfekt geeignet f\u00fcr die Durchsteckmontage und den Einsatz in korrosiven Bereichen. Material: Edelstahl   <\/p>\n","protected":false},"excerpt":{"rendered":"<p>\u2714 Material: Edelstahl<\/p>\n","protected":false},"featured_media":42164,"template":"","meta":{"_acf_changed":false},"product_brand":[615],"product_cat":[335],"product_tag":[],"class_list":{"0":"post-41271","1":"product","2":"type-product","3":"status-publish","4":"has-post-thumbnail","6":"product_brand-k2","7":"product_cat-montagesysteme","10":"first","11":"onbackorder","12":"taxable","13":"shipping-taxable","14":"product-type-simple"},"acf":[],"_links":{"self":[{"href":"https:\/\/evowatt.ch\/de\/wp-json\/wp\/v2\/product\/41271","targetHints":{"allow":["GET"]}}],"collection":[{"href":"https:\/\/evowatt.ch\/de\/wp-json\/wp\/v2\/product"}],"about":[{"href":"https:\/\/evowatt.ch\/de\/wp-json\/wp\/v2\/types\/product"}],"version-history":[{"count":0,"href":"https:\/\/evowatt.ch\/de\/wp-json\/wp\/v2\/product\/41271\/revisions"}],"wp:featuredmedia":[{"embeddable":true,"href":"https:\/\/evowatt.ch\/de\/wp-json\/wp\/v2\/media\/42164"}],"wp:attachment":[{"href":"https:\/\/evowatt.ch\/de\/wp-json\/wp\/v2\/media?parent=41271"}],"wp:term":[{"taxonomy":"product_brand","embeddable":true,"href":"https:\/\/evowatt.ch\/de\/wp-json\/wp\/v2\/product_brand?post=41271"},{"taxonomy":"product_cat","embeddable":true,"href":"https:\/\/evowatt.ch\/de\/wp-json\/wp\/v2\/product_cat?post=41271"},{"taxonomy":"product_tag","embeddable":true,"href":"https:\/\/evowatt.ch\/de\/wp-json\/wp\/v2\/product_tag?post=41271"}],"curies":[{"name":"wp","href":"https:\/\/api.w.org\/{rel}","templated":true}]}}