{"id":41213,"date":"2026-02-11T12:09:38","date_gmt":"2026-02-11T11:09:38","guid":{"rendered":"https:\/\/evowatt.ch\/produit\/hrd-hr-10x80mm-su50\/"},"modified":"2026-02-11T16:20:17","modified_gmt":"2026-02-11T15:20:17","slug":"hrd-hr-10x80mm-su50","status":"publish","type":"product","link":"https:\/\/evowatt.ch\/de\/produkt\/hrd-hr-10x80mm-su50\/","title":{"rendered":"HRD-HR 10X80MM (SU=50)"},"content":{"rendered":"<p>Der vormontierte Kunststoffd\u00fcbel mit HRD-H Schraube wurde f\u00fcr schnelle und kosteng\u00fcnstige Befestigungen in Mauerwerk entwickelt und dient als solide Basis f\u00fcr die Montage der Konsole an der Wand. Verankerungstiefe: 50mm und 70mm Material: Edelstahl A2, Edelstahl A4 Brandschutzzulassung (Feuerwiderstand) und ETA vorhanden <\/p>\n","protected":false},"excerpt":{"rendered":"<p>\u2714 Verankerungstiefe: 50mm und 70mm Material: Edelstahl A2, Edelstahl A4 Brandschutzzulassung (Feuerwiderstand) und ETA verf\u00fcgbar<\/p>\n","protected":false},"featured_media":42248,"template":"","meta":{"_acf_changed":false},"product_brand":[615],"product_cat":[335],"product_tag":[],"class_list":{"0":"post-41213","1":"product","2":"type-product","3":"status-publish","4":"has-post-thumbnail","6":"product_brand-k2","7":"product_cat-montagesysteme","10":"first","11":"onbackorder","12":"taxable","13":"shipping-taxable","14":"product-type-simple"},"acf":[],"_links":{"self":[{"href":"https:\/\/evowatt.ch\/de\/wp-json\/wp\/v2\/product\/41213","targetHints":{"allow":["GET"]}}],"collection":[{"href":"https:\/\/evowatt.ch\/de\/wp-json\/wp\/v2\/product"}],"about":[{"href":"https:\/\/evowatt.ch\/de\/wp-json\/wp\/v2\/types\/product"}],"version-history":[{"count":0,"href":"https:\/\/evowatt.ch\/de\/wp-json\/wp\/v2\/product\/41213\/revisions"}],"wp:featuredmedia":[{"embeddable":true,"href":"https:\/\/evowatt.ch\/de\/wp-json\/wp\/v2\/media\/42248"}],"wp:attachment":[{"href":"https:\/\/evowatt.ch\/de\/wp-json\/wp\/v2\/media?parent=41213"}],"wp:term":[{"taxonomy":"product_brand","embeddable":true,"href":"https:\/\/evowatt.ch\/de\/wp-json\/wp\/v2\/product_brand?post=41213"},{"taxonomy":"product_cat","embeddable":true,"href":"https:\/\/evowatt.ch\/de\/wp-json\/wp\/v2\/product_cat?post=41213"},{"taxonomy":"product_tag","embeddable":true,"href":"https:\/\/evowatt.ch\/de\/wp-json\/wp\/v2\/product_tag?post=41213"}],"curies":[{"name":"wp","href":"https:\/\/api.w.org\/{rel}","templated":true}]}}