{"id":41210,"date":"2026-02-11T12:03:17","date_gmt":"2026-02-11T11:03:17","guid":{"rendered":"https:\/\/evowatt.ch\/produit\/mc-l-al-sc-click-6-8\/"},"modified":"2026-02-11T16:22:30","modified_gmt":"2026-02-11T15:22:30","slug":"mc-l-al-sc-click-6-8","status":"publish","type":"product","link":"https:\/\/evowatt.ch\/de\/produkt\/mc-l-al-sc-click-6-8\/","title":{"rendered":"MC L AL SC CLICK 6.8"},"content":{"rendered":"<p>Zwischenb\u00fcgel zur Befestigung von laminierten Modulen freigegeben f\u00fcr Module mit einer Glasdicke von 6.8 &#8211; 8.0 mm Modulabstand 15 mm Material: Aluminium blank, EPDM Bitte beachten Sie, dass f\u00fcr jeden B\u00fcgel eine Zylinderschraube (M8x40 6323303) und eine MK2-Schraube (6316108) ben\u00f6tigt werden, die nicht im Artikel enthalten sind.<\/p>\n","protected":false},"excerpt":{"rendered":"<p>\u2714 Zwischenb\u00fcgel zur Befestigung von laminierten Modulen freigegeben f\u00fcr Module mit einer Glasdicke von 6.8 &#8211; 8.0 mm Abstand zwischen den Modulen 15 mm Material: Aluminium roh, EPDM<\/p>\n","protected":false},"featured_media":42758,"template":"","meta":{"_acf_changed":false},"product_brand":[615],"product_cat":[335],"product_tag":[],"class_list":{"0":"post-41210","1":"product","2":"type-product","3":"status-publish","4":"has-post-thumbnail","6":"product_brand-k2","7":"product_cat-montagesysteme","10":"first","11":"onbackorder","12":"taxable","13":"shipping-taxable","14":"product-type-simple"},"acf":[],"_links":{"self":[{"href":"https:\/\/evowatt.ch\/de\/wp-json\/wp\/v2\/product\/41210","targetHints":{"allow":["GET"]}}],"collection":[{"href":"https:\/\/evowatt.ch\/de\/wp-json\/wp\/v2\/product"}],"about":[{"href":"https:\/\/evowatt.ch\/de\/wp-json\/wp\/v2\/types\/product"}],"version-history":[{"count":0,"href":"https:\/\/evowatt.ch\/de\/wp-json\/wp\/v2\/product\/41210\/revisions"}],"wp:featuredmedia":[{"embeddable":true,"href":"https:\/\/evowatt.ch\/de\/wp-json\/wp\/v2\/media\/42758"}],"wp:attachment":[{"href":"https:\/\/evowatt.ch\/de\/wp-json\/wp\/v2\/media?parent=41210"}],"wp:term":[{"taxonomy":"product_brand","embeddable":true,"href":"https:\/\/evowatt.ch\/de\/wp-json\/wp\/v2\/product_brand?post=41210"},{"taxonomy":"product_cat","embeddable":true,"href":"https:\/\/evowatt.ch\/de\/wp-json\/wp\/v2\/product_cat?post=41210"},{"taxonomy":"product_tag","embeddable":true,"href":"https:\/\/evowatt.ch\/de\/wp-json\/wp\/v2\/product_tag?post=41210"}],"curies":[{"name":"wp","href":"https:\/\/api.w.org\/{rel}","templated":true}]}}