{"id":41184,"date":"2026-02-11T12:09:10","date_gmt":"2026-02-11T11:09:10","guid":{"rendered":"https:\/\/evowatt.ch\/produit\/solid-snap-seamclamp-cfx\/"},"modified":"2026-02-11T16:20:26","modified_gmt":"2026-02-11T15:20:26","slug":"solid-snap-seamclamp-cfx","status":"publish","type":"product","link":"https:\/\/evowatt.ch\/de\/produkt\/solid-snap-seamclamp-cfx\/","title":{"rendered":"SOLID SNAP SEAMCLAMP CF:X"},"content":{"rendered":"<p>CF:x Klemme f\u00fcr die Montage der SolidRail auf Stehfalzd\u00e4chern mit Winkel- oder Schnappfalz. Artikel K2 Adapterplatte M10 (6326481) ist f\u00fcr die Montage der Schiene erforderlich. Material: Klemme: Aluminium; Schraube: Edelstahl A2  <\/p>\n","protected":false},"excerpt":{"rendered":"<p>\u2714 Material: Klemme: Aluminium; Schraube: Edelstahl A2<\/p>\n","protected":false},"featured_media":42284,"template":"","meta":{"_acf_changed":false},"product_brand":[615],"product_cat":[335],"product_tag":[],"class_list":{"0":"post-41184","1":"product","2":"type-product","3":"status-publish","4":"has-post-thumbnail","6":"product_brand-k2","7":"product_cat-montagesysteme","10":"first","11":"onbackorder","12":"taxable","13":"shipping-taxable","14":"product-type-simple"},"acf":[],"_links":{"self":[{"href":"https:\/\/evowatt.ch\/de\/wp-json\/wp\/v2\/product\/41184","targetHints":{"allow":["GET"]}}],"collection":[{"href":"https:\/\/evowatt.ch\/de\/wp-json\/wp\/v2\/product"}],"about":[{"href":"https:\/\/evowatt.ch\/de\/wp-json\/wp\/v2\/types\/product"}],"version-history":[{"count":0,"href":"https:\/\/evowatt.ch\/de\/wp-json\/wp\/v2\/product\/41184\/revisions"}],"wp:featuredmedia":[{"embeddable":true,"href":"https:\/\/evowatt.ch\/de\/wp-json\/wp\/v2\/media\/42284"}],"wp:attachment":[{"href":"https:\/\/evowatt.ch\/de\/wp-json\/wp\/v2\/media?parent=41184"}],"wp:term":[{"taxonomy":"product_brand","embeddable":true,"href":"https:\/\/evowatt.ch\/de\/wp-json\/wp\/v2\/product_brand?post=41184"},{"taxonomy":"product_cat","embeddable":true,"href":"https:\/\/evowatt.ch\/de\/wp-json\/wp\/v2\/product_cat?post=41184"},{"taxonomy":"product_tag","embeddable":true,"href":"https:\/\/evowatt.ch\/de\/wp-json\/wp\/v2\/product_tag?post=41184"}],"curies":[{"name":"wp","href":"https:\/\/api.w.org\/{rel}","templated":true}]}}