{"id":41162,"date":"2026-02-11T12:08:43","date_gmt":"2026-02-11T11:08:43","guid":{"rendered":"https:\/\/evowatt.ch\/produit\/singlehook-fla-sheet-metal-red-su50\/"},"modified":"2026-02-11T16:20:36","modified_gmt":"2026-02-11T15:20:36","slug":"singlehook-fla-sheet-metal-red-su50","status":"publish","type":"product","link":"https:\/\/evowatt.ch\/de\/produkt\/singlehook-fla-sheet-metal-red-su50\/","title":{"rendered":"SINGLEHOOK FLA SHEET METAL RED (SU=50)"},"content":{"rendered":"<p>Um eine korrekte Abdichtung des Dachhakens SingleHook FLA (6356016), der f\u00fcr die Verwendung mit flachen Ziegeld\u00e4chern vorgesehen ist, zu gew\u00e4hrleisten, ist es notwendig, unsere Metallabdeckungen mit Aluminium-Butylstreifen 3.0205 (EN-AW-1200) zu verwenden. Pro Dachhaken sind zwei Metallabdeckungen von 300mm x 260mm erforderlich, um eine ausreichende Abdichtung zu gew\u00e4hrleisten. Farbe: Rot  <\/p>\n","protected":false},"excerpt":{"rendered":"<p>Um eine korrekte Abdichtung des Dachhakens SingleHook FLA (6356016), der f\u00fcr die Verwendung mit flachen Ziegeld\u00e4chern vorgesehen ist, zu gew\u00e4hrleisten, ist es notwendig, unsere Metallabdeckungen mit Aluminium-Butylstreifen 3.0205 (EN-AW-1200) zu verwenden. Pro Dachhaken sind zwei Metallabdeckungen von 300mm x 260mm erforderlich, um eine ausreichende Abdichtung zu gew\u00e4hrleisten. Farbe: Rot<\/p>\n","protected":false},"featured_media":42320,"template":"","meta":{"_acf_changed":false},"product_brand":[615],"product_cat":[335],"product_tag":[],"class_list":{"0":"post-41162","1":"product","2":"type-product","3":"status-publish","4":"has-post-thumbnail","6":"product_brand-k2","7":"product_cat-montagesysteme","10":"first","11":"onbackorder","12":"taxable","13":"shipping-taxable","14":"product-type-simple"},"acf":[],"_links":{"self":[{"href":"https:\/\/evowatt.ch\/de\/wp-json\/wp\/v2\/product\/41162","targetHints":{"allow":["GET"]}}],"collection":[{"href":"https:\/\/evowatt.ch\/de\/wp-json\/wp\/v2\/product"}],"about":[{"href":"https:\/\/evowatt.ch\/de\/wp-json\/wp\/v2\/types\/product"}],"version-history":[{"count":0,"href":"https:\/\/evowatt.ch\/de\/wp-json\/wp\/v2\/product\/41162\/revisions"}],"wp:featuredmedia":[{"embeddable":true,"href":"https:\/\/evowatt.ch\/de\/wp-json\/wp\/v2\/media\/42320"}],"wp:attachment":[{"href":"https:\/\/evowatt.ch\/de\/wp-json\/wp\/v2\/media?parent=41162"}],"wp:term":[{"taxonomy":"product_brand","embeddable":true,"href":"https:\/\/evowatt.ch\/de\/wp-json\/wp\/v2\/product_brand?post=41162"},{"taxonomy":"product_cat","embeddable":true,"href":"https:\/\/evowatt.ch\/de\/wp-json\/wp\/v2\/product_cat?post=41162"},{"taxonomy":"product_tag","embeddable":true,"href":"https:\/\/evowatt.ch\/de\/wp-json\/wp\/v2\/product_tag?post=41162"}],"curies":[{"name":"wp","href":"https:\/\/api.w.org\/{rel}","templated":true}]}}