{"id":41158,"date":"2026-02-11T12:08:38","date_gmt":"2026-02-11T11:08:38","guid":{"rendered":"https:\/\/evowatt.ch\/produit\/rf-pa-vario-2-5-6x30-pu25\/"},"modified":"2026-02-11T16:20:37","modified_gmt":"2026-02-11T15:20:37","slug":"rf-pa-vario-2-5-6x30-pu25","status":"publish","type":"product","link":"https:\/\/evowatt.ch\/de\/produkt\/rf-pa-vario-2-5-6x30-pu25\/","title":{"rendered":"RF PA VARIO 2 &#8211; 5\/6X30 (PU=25)"},"content":{"rendered":"<p>F\u00fcr ein Ziegeldach. Dachhaken f\u00fcr Schienenmontage mit T-Bolzen M10. Einstellbar: H\u00f6he mal 2. Winkel 1: min 47 max 59 mm. Winkel 2: min 57 max 97 mm. Grundplatte: 140x55x5 mm. Unterer und oberer Winkel 47-59 mm. Gesamth\u00f6he ca. 105-155 mm. Aus rostfreiem Stahl.        <\/p>\n","protected":false},"excerpt":{"rendered":"<p>F\u00fcr ein Ziegeldach. Dachhaken f\u00fcr Schienenmontage mit T-Bolzen M10. Einstellbar: H\u00f6he mal 2. Winkel 1: min 47 max 59 mm. Winkel 2: min 57 max 97 mm. Grundplatte: 140x55x5 mm. Unterer und oberer Winkel 47-59 mm. Gesamth\u00f6he ca. 105-155 mm. Aus rostfreiem Stahl.<\/p>\n","protected":false},"featured_media":42326,"template":"","meta":{"_acf_changed":false},"product_brand":[615],"product_cat":[335],"product_tag":[],"class_list":{"0":"post-41158","1":"product","2":"type-product","3":"status-publish","4":"has-post-thumbnail","6":"product_brand-k2","7":"product_cat-montagesysteme","10":"first","11":"onbackorder","12":"taxable","13":"shipping-taxable","14":"product-type-simple"},"acf":[],"_links":{"self":[{"href":"https:\/\/evowatt.ch\/de\/wp-json\/wp\/v2\/product\/41158","targetHints":{"allow":["GET"]}}],"collection":[{"href":"https:\/\/evowatt.ch\/de\/wp-json\/wp\/v2\/product"}],"about":[{"href":"https:\/\/evowatt.ch\/de\/wp-json\/wp\/v2\/types\/product"}],"version-history":[{"count":0,"href":"https:\/\/evowatt.ch\/de\/wp-json\/wp\/v2\/product\/41158\/revisions"}],"wp:featuredmedia":[{"embeddable":true,"href":"https:\/\/evowatt.ch\/de\/wp-json\/wp\/v2\/media\/42326"}],"wp:attachment":[{"href":"https:\/\/evowatt.ch\/de\/wp-json\/wp\/v2\/media?parent=41158"}],"wp:term":[{"taxonomy":"product_brand","embeddable":true,"href":"https:\/\/evowatt.ch\/de\/wp-json\/wp\/v2\/product_brand?post=41158"},{"taxonomy":"product_cat","embeddable":true,"href":"https:\/\/evowatt.ch\/de\/wp-json\/wp\/v2\/product_cat?post=41158"},{"taxonomy":"product_tag","embeddable":true,"href":"https:\/\/evowatt.ch\/de\/wp-json\/wp\/v2\/product_tag?post=41158"}],"curies":[{"name":"wp","href":"https:\/\/api.w.org\/{rel}","templated":true}]}}