{"id":41139,"date":"2026-02-11T12:08:17","date_gmt":"2026-02-11T11:08:17","guid":{"rendered":"https:\/\/evowatt.ch\/produit\/carrierrail-2-97m\/"},"modified":"2026-02-11T16:20:45","modified_gmt":"2026-02-11T15:20:45","slug":"carrierrail-2-97m","status":"publish","type":"product","link":"https:\/\/evowatt.ch\/de\/produkt\/carrierrail-2-97m\/","title":{"rendered":"CARRIERRAIL 2.97M"},"content":{"rendered":"<p>***Bei der Montage auf Montana-Sandwichpaneelen muss die Montana CarrierRail und die Schrauben direkt bei Montana bestellt werden, wobei die statische Berechnung von K2 vorzulegen ist*****. ***Bei der Verwendung auf Sandwichpaneelen anderer Hersteller muss die Garantie gekl\u00e4rt werden***. Die CarrierRail K2 wird als Basisschiene f\u00fcr die Montage von Fassaden auf Wandelementen in Sandwichbauweise verwendet. Hergestellt aus Aluminium EN AW 6063 T66 f\u00fcr maximale Haltbarkeit und Zuverl\u00e4ssigkeit.   <\/p>\n","protected":false},"excerpt":{"rendered":"<p>***Bei der Montage auf Montana-Sandwichpaneelen muss die Montana CarrierRail und die Schrauben direkt bei Montana bestellt werden, wobei die statische Berechnung von K2 vorzulegen ist*****. ***Bei der Verwendung auf Sandwichpaneelen anderer Hersteller muss die Garantie gekl\u00e4rt werden***. Die CarrierRail K2 wird als Basisschiene f\u00fcr die Montage von Fassaden auf Wandelementen in Sandwichbauweise verwendet. Hergestellt aus [&hellip;]<\/p>\n","protected":false},"featured_media":42356,"template":"","meta":{"_acf_changed":false},"product_brand":[615],"product_cat":[335],"product_tag":[],"class_list":{"0":"post-41139","1":"product","2":"type-product","3":"status-publish","4":"has-post-thumbnail","6":"product_brand-k2","7":"product_cat-montagesysteme","10":"first","11":"onbackorder","12":"taxable","13":"shipping-taxable","14":"product-type-simple"},"acf":[],"_links":{"self":[{"href":"https:\/\/evowatt.ch\/de\/wp-json\/wp\/v2\/product\/41139","targetHints":{"allow":["GET"]}}],"collection":[{"href":"https:\/\/evowatt.ch\/de\/wp-json\/wp\/v2\/product"}],"about":[{"href":"https:\/\/evowatt.ch\/de\/wp-json\/wp\/v2\/types\/product"}],"version-history":[{"count":0,"href":"https:\/\/evowatt.ch\/de\/wp-json\/wp\/v2\/product\/41139\/revisions"}],"wp:featuredmedia":[{"embeddable":true,"href":"https:\/\/evowatt.ch\/de\/wp-json\/wp\/v2\/media\/42356"}],"wp:attachment":[{"href":"https:\/\/evowatt.ch\/de\/wp-json\/wp\/v2\/media?parent=41139"}],"wp:term":[{"taxonomy":"product_brand","embeddable":true,"href":"https:\/\/evowatt.ch\/de\/wp-json\/wp\/v2\/product_brand?post=41139"},{"taxonomy":"product_cat","embeddable":true,"href":"https:\/\/evowatt.ch\/de\/wp-json\/wp\/v2\/product_cat?post=41139"},{"taxonomy":"product_tag","embeddable":true,"href":"https:\/\/evowatt.ch\/de\/wp-json\/wp\/v2\/product_tag?post=41139"}],"curies":[{"name":"wp","href":"https:\/\/api.w.org\/{rel}","templated":true}]}}