{"id":41109,"date":"2026-02-11T12:07:38","date_gmt":"2026-02-11T11:07:38","guid":{"rendered":"https:\/\/evowatt.ch\/produit\/dome-porter-flex-2\/"},"modified":"2026-02-11T16:20:59","modified_gmt":"2026-02-11T15:20:59","slug":"dome-porter-flex-2","status":"publish","type":"product","link":"https:\/\/evowatt.ch\/de\/produkt\/dome-porter-flex-2\/","title":{"rendered":"DOME PORTER FLEX"},"content":{"rendered":"<p>K2-Tr\u00e4ger f\u00fcr eine schnelle und einfache Beschwerung bei Dome 6-Systemen. Geeignet f\u00fcr Modulbreiten bis 1320 mm (Dome 6.0 System). Geeignet f\u00fcr Modull\u00e4ngen von 1562 &#8211; 2390 mm (Dome 6 &#8211; Klemmung 1\/4). Gesamtl\u00e4nge Porter: 1365 mm; maximal zul\u00e4ssiger Ballast: 178 kg. Material: Aluminium EN AW 6063 T66    <\/p>\n","protected":false},"excerpt":{"rendered":"<p>\u2714 Geeignet f\u00fcr Modulbreiten bis 1320 mm (Dome 6.0 System). Geeignet f\u00fcr Modull\u00e4ngen von 1562 &#8211; 2390 mm (Dome 6 &#8211; Klemme 1\/4). <\/p>\n","protected":false},"featured_media":42410,"template":"","meta":{"_acf_changed":false},"product_brand":[615],"product_cat":[335],"product_tag":[],"class_list":{"0":"post-41109","1":"product","2":"type-product","3":"status-publish","4":"has-post-thumbnail","6":"product_brand-k2","7":"product_cat-montagesysteme","10":"first","11":"onbackorder","12":"taxable","13":"shipping-taxable","14":"product-type-simple"},"acf":[],"_links":{"self":[{"href":"https:\/\/evowatt.ch\/de\/wp-json\/wp\/v2\/product\/41109","targetHints":{"allow":["GET"]}}],"collection":[{"href":"https:\/\/evowatt.ch\/de\/wp-json\/wp\/v2\/product"}],"about":[{"href":"https:\/\/evowatt.ch\/de\/wp-json\/wp\/v2\/types\/product"}],"version-history":[{"count":0,"href":"https:\/\/evowatt.ch\/de\/wp-json\/wp\/v2\/product\/41109\/revisions"}],"wp:featuredmedia":[{"embeddable":true,"href":"https:\/\/evowatt.ch\/de\/wp-json\/wp\/v2\/media\/42410"}],"wp:attachment":[{"href":"https:\/\/evowatt.ch\/de\/wp-json\/wp\/v2\/media?parent=41109"}],"wp:term":[{"taxonomy":"product_brand","embeddable":true,"href":"https:\/\/evowatt.ch\/de\/wp-json\/wp\/v2\/product_brand?post=41109"},{"taxonomy":"product_cat","embeddable":true,"href":"https:\/\/evowatt.ch\/de\/wp-json\/wp\/v2\/product_cat?post=41109"},{"taxonomy":"product_tag","embeddable":true,"href":"https:\/\/evowatt.ch\/de\/wp-json\/wp\/v2\/product_tag?post=41109"}],"curies":[{"name":"wp","href":"https:\/\/api.w.org\/{rel}","templated":true}]}}