{"id":41087,"date":"2026-02-11T12:07:03","date_gmt":"2026-02-11T11:07:03","guid":{"rendered":"https:\/\/evowatt.ch\/produit\/rf-pl-singlehook-fla-h35-144-75x4-su25\/"},"modified":"2026-02-11T16:21:10","modified_gmt":"2026-02-11T15:21:10","slug":"rf-pl-singlehook-fla-h35-144-75x4-su25","status":"publish","type":"product","link":"https:\/\/evowatt.ch\/de\/produkt\/rf-pl-singlehook-fla-h35-144-75x4-su25\/","title":{"rendered":"RF PL SINGLEHOOK FLA H35\/144 75X4 (SU=25)"},"content":{"rendered":"<p>Der K2 SingleHook FlatTile eignet sich hervorragend zur Befestigung der K2 Systemelemente auf Ziegeld\u00e4chern mit Biberschwanzdeckung. Der Dachhaken verf\u00fcgt \u00fcber ein Langloch f\u00fcr die SingleRail-Montage. Die K2 SingleRail Montageschiene wird am SingleHook FlatTile mit einer M8x20 Hammerkopfschraube (6316477) und einer M8 Bundmutter (6328732) befestigt. F\u00fcr jeden Dachhaken werden zwei Metalldachplatten (6356017 oder 6356018) ben\u00f6tigt. Mit einer Gesamth\u00f6he von ca. 144 mm und einem Arm von 75&#215;4 mm ist dieser Dachhaken eine perfekte L\u00f6sung, um die Elemente des K2-Systems sicher und effektiv zu befestigen. Der Dachhaken ist aus Magnelis 1.0242 (S250GD+ZM310) gefertigt, so dass Sie auch eine dauerhafte und qualitativ hochwertige Befestigung erhalten. \u00dcbersetzt mit DeepL.com (kostenlose Version)      <\/p>\n","protected":false},"excerpt":{"rendered":"<p>Der K2 SingleHook FlatTile eignet sich hervorragend zur Befestigung der K2 Systemelemente auf Ziegeld\u00e4chern mit Biberschwanzdeckung. Der Dachhaken verf\u00fcgt \u00fcber ein Langloch f\u00fcr die SingleRail-Montage. Die K2 SingleRail Montageschiene wird am SingleHook FlatTile mit einer M8x20 Hammerkopfschraube (6316477) und einer M8 Bundmutter (6328732) befestigt. F\u00fcr jeden Dachhaken werden zwei Metalldachplatten (6356017 oder 6356018) ben\u00f6tigt. Mit [&hellip;]<\/p>\n","protected":false},"featured_media":42452,"template":"","meta":{"_acf_changed":false},"product_brand":[615],"product_cat":[335],"product_tag":[],"class_list":{"0":"post-41087","1":"product","2":"type-product","3":"status-publish","4":"has-post-thumbnail","6":"product_brand-k2","7":"product_cat-montagesysteme","10":"first","11":"onbackorder","12":"taxable","13":"shipping-taxable","14":"product-type-simple"},"acf":[],"_links":{"self":[{"href":"https:\/\/evowatt.ch\/de\/wp-json\/wp\/v2\/product\/41087","targetHints":{"allow":["GET"]}}],"collection":[{"href":"https:\/\/evowatt.ch\/de\/wp-json\/wp\/v2\/product"}],"about":[{"href":"https:\/\/evowatt.ch\/de\/wp-json\/wp\/v2\/types\/product"}],"version-history":[{"count":0,"href":"https:\/\/evowatt.ch\/de\/wp-json\/wp\/v2\/product\/41087\/revisions"}],"wp:featuredmedia":[{"embeddable":true,"href":"https:\/\/evowatt.ch\/de\/wp-json\/wp\/v2\/media\/42452"}],"wp:attachment":[{"href":"https:\/\/evowatt.ch\/de\/wp-json\/wp\/v2\/media?parent=41087"}],"wp:term":[{"taxonomy":"product_brand","embeddable":true,"href":"https:\/\/evowatt.ch\/de\/wp-json\/wp\/v2\/product_brand?post=41087"},{"taxonomy":"product_cat","embeddable":true,"href":"https:\/\/evowatt.ch\/de\/wp-json\/wp\/v2\/product_cat?post=41087"},{"taxonomy":"product_tag","embeddable":true,"href":"https:\/\/evowatt.ch\/de\/wp-json\/wp\/v2\/product_tag?post=41087"}],"curies":[{"name":"wp","href":"https:\/\/api.w.org\/{rel}","templated":true}]}}