{"id":41082,"date":"2026-02-11T12:06:59","date_gmt":"2026-02-11T11:06:59","guid":{"rendered":"https:\/\/evowatt.ch\/produit\/sc-hh-sd-60x75-seal-su100\/"},"modified":"2026-02-11T16:21:11","modified_gmt":"2026-02-11T15:21:11","slug":"sc-hh-sd-60x75-seal-su100","status":"publish","type":"product","link":"https:\/\/evowatt.ch\/de\/produkt\/sc-hh-sd-60x75-seal-su100\/","title":{"rendered":"SC HH SD 6,0X75 SEAL (SU=100)"},"content":{"rendered":"<p>f\u00fcr die Montage von K2 SpliceFoot Zugelassen f\u00fcr Stahlblech ab 0,4 bis 2,0mm und f\u00fcr Aluminium ab 0,5 bis 2,00mm Materialst\u00e4rke. Die Klemmdicke betr\u00e4gt 1 bis 40mm bei Holzunterkonstruktionen und 16 bis 55mm bei Stahlunterkonstruktionen. Material: Edelstahl A2\/Bimetall, EPDM Antrieb: Sechskant SW 8 mm Schraubengr\u00f6\u00dfe: 6&#215;75 mm Dichtungsscheibe: \u00d8 16 mm  <\/p>\n","protected":false},"excerpt":{"rendered":"<p>\u2714 f\u00fcr die Montage von K2 SpliceFoot Zugelassen f\u00fcr Stahlblech ab 0,4 bis 2,0mm und f\u00fcr Aluminium ab 0,5 bis 2,00mm Materialst\u00e4rke. Die Klemmdicke betr\u00e4gt 1 bis 40mm bei Holzunterkonstruktionen und 16 bis 55mm bei Stahlunterkonstruktionen. Material: Edelstahl A2\/Bimetall, EPDM Antrieb: Sechskant SW 8 mm Schraubengr\u00f6\u00dfe: 6&#215;75 mm Dichtungsscheibe: \u00d8 16 mm  <\/p>\n","protected":false},"featured_media":42458,"template":"","meta":{"_acf_changed":false},"product_brand":[615],"product_cat":[335],"product_tag":[],"class_list":{"0":"post-41082","1":"product","2":"type-product","3":"status-publish","4":"has-post-thumbnail","6":"product_brand-k2","7":"product_cat-montagesysteme","10":"first","11":"onbackorder","12":"taxable","13":"shipping-taxable","14":"product-type-simple"},"acf":[],"_links":{"self":[{"href":"https:\/\/evowatt.ch\/de\/wp-json\/wp\/v2\/product\/41082","targetHints":{"allow":["GET"]}}],"collection":[{"href":"https:\/\/evowatt.ch\/de\/wp-json\/wp\/v2\/product"}],"about":[{"href":"https:\/\/evowatt.ch\/de\/wp-json\/wp\/v2\/types\/product"}],"version-history":[{"count":0,"href":"https:\/\/evowatt.ch\/de\/wp-json\/wp\/v2\/product\/41082\/revisions"}],"wp:featuredmedia":[{"embeddable":true,"href":"https:\/\/evowatt.ch\/de\/wp-json\/wp\/v2\/media\/42458"}],"wp:attachment":[{"href":"https:\/\/evowatt.ch\/de\/wp-json\/wp\/v2\/media?parent=41082"}],"wp:term":[{"taxonomy":"product_brand","embeddable":true,"href":"https:\/\/evowatt.ch\/de\/wp-json\/wp\/v2\/product_brand?post=41082"},{"taxonomy":"product_cat","embeddable":true,"href":"https:\/\/evowatt.ch\/de\/wp-json\/wp\/v2\/product_cat?post=41082"},{"taxonomy":"product_tag","embeddable":true,"href":"https:\/\/evowatt.ch\/de\/wp-json\/wp\/v2\/product_tag?post=41082"}],"curies":[{"name":"wp","href":"https:\/\/api.w.org\/{rel}","templated":true}]}}