{"id":41070,"date":"2026-02-11T12:06:42","date_gmt":"2026-02-11T11:06:42","guid":{"rendered":"https:\/\/evowatt.ch\/produit\/mc-l-set-al-sc-click-50-100mm-su10\/"},"modified":"2026-02-11T13:18:20","modified_gmt":"2026-02-11T12:18:20","slug":"mc-l-set-al-sc-click-50-100mm-su10","status":"publish","type":"product","link":"https:\/\/evowatt.ch\/de\/produkt\/mc-l-set-al-sc-click-50-100mm-su10\/","title":{"rendered":"MC L SET AL SC CLICK 5,0 100MM (SU=10)"},"content":{"rendered":"<p>Mittelklemme zur Befestigung von Laminatmodulen: L\u00e4nge: 100 mm Klemmbereich: 5,0 &#8211; 6,2 mm Material: Aluminium EN AW-6063 T66; EPDM Set bestehend aus: 6321328 &#8211; Mittelklemme f\u00fcr Laminatmodule 6323303 &#8211; Schraube M8 \u00d7 40 6316108 &#8211; Einlegemutter M8<\/p>\n","protected":false},"excerpt":{"rendered":"<p>\u2714 L\u00e4nge: 100 mm Klemmbereich: 5,0 &#8211; 6,2 mm Material: Aluminium EN AW-6063 T66; EPDM 6321328 &#8211; Mittelklemme f\u00fcr Laminatmodule 6323303 &#8211; Schraube M8 \u00d7 40 6316108 &#8211; Einlegemutter M8<\/p>\n","protected":false},"featured_media":42482,"template":"","meta":{"_acf_changed":false},"product_brand":[615],"product_cat":[335],"product_tag":[],"class_list":{"0":"post-41070","1":"product","2":"type-product","3":"status-publish","4":"has-post-thumbnail","6":"product_brand-k2","7":"product_cat-montagesysteme","10":"first","11":"onbackorder","12":"taxable","13":"shipping-taxable","14":"product-type-simple"},"acf":[],"_links":{"self":[{"href":"https:\/\/evowatt.ch\/de\/wp-json\/wp\/v2\/product\/41070","targetHints":{"allow":["GET"]}}],"collection":[{"href":"https:\/\/evowatt.ch\/de\/wp-json\/wp\/v2\/product"}],"about":[{"href":"https:\/\/evowatt.ch\/de\/wp-json\/wp\/v2\/types\/product"}],"version-history":[{"count":0,"href":"https:\/\/evowatt.ch\/de\/wp-json\/wp\/v2\/product\/41070\/revisions"}],"wp:featuredmedia":[{"embeddable":true,"href":"https:\/\/evowatt.ch\/de\/wp-json\/wp\/v2\/media\/42482"}],"wp:attachment":[{"href":"https:\/\/evowatt.ch\/de\/wp-json\/wp\/v2\/media?parent=41070"}],"wp:term":[{"taxonomy":"product_brand","embeddable":true,"href":"https:\/\/evowatt.ch\/de\/wp-json\/wp\/v2\/product_brand?post=41070"},{"taxonomy":"product_cat","embeddable":true,"href":"https:\/\/evowatt.ch\/de\/wp-json\/wp\/v2\/product_cat?post=41070"},{"taxonomy":"product_tag","embeddable":true,"href":"https:\/\/evowatt.ch\/de\/wp-json\/wp\/v2\/product_tag?post=41070"}],"curies":[{"name":"wp","href":"https:\/\/api.w.org\/{rel}","templated":true}]}}