{"id":41042,"date":"2026-02-11T12:06:02","date_gmt":"2026-02-11T11:06:02","guid":{"rendered":"https:\/\/evowatt.ch\/produit\/singlehook-alpin-su25\/"},"modified":"2026-02-11T16:21:30","modified_gmt":"2026-02-11T15:21:30","slug":"singlehook-alpin-su25","status":"publish","type":"product","link":"https:\/\/evowatt.ch\/de\/produkt\/singlehook-alpin-su25\/","title":{"rendered":"SINGLEHOOK ALPIN (SU=25)"},"content":{"rendered":"<p>***nur anwendbar bei Blechdachziegel \/ Metalldachziegel*** Zur Befestigung der Komponenten des K2-Systems auf D\u00e4chern mit Ziegeleindeckung. Halterung mit Langloch f\u00fcr die Montage und H\u00f6henverstellung der SingleRail. Inklusive Hammerkopfschraube und Sicherungsmutter f\u00fcr die SingleRail-Installation. Achtung: Nur in Kombination mit einem Blechdachziegel zu verwenden. Material: Aluminium EN AW-6063 T66 Breite der Grundplatte: 100 mm H\u00f6he unter dem L\u00f6ffelstiel: 35 mm H\u00f6he des L\u00f6ffelstiels: 60 mm Gesamth\u00f6he: 169 mm Tiefe des Verl\u00e4ngerungsarms: 110 mm \u00dcbersetzt mit    <\/p>\n","protected":false},"excerpt":{"rendered":"<p>***nur anwendbar bei Blechdachziegel \/ Metalldachziegel*** Zur Befestigung der Komponenten des K2-Systems auf D\u00e4chern mit Ziegeleindeckung. Halterung mit Langloch f\u00fcr die Montage und H\u00f6henverstellung der SingleRail. Inklusive Hammerkopfschraube und Sicherungsmutter f\u00fcr die SingleRail-Installation. Achtung: Nur in Kombination mit einem Blechdachziegel zu verwenden. Material: Aluminium EN AW-6063 T66 Breite der Grundplatte: 100 mm H\u00f6he unter dem [&hellip;]<\/p>\n","protected":false},"featured_media":42536,"template":"","meta":{"_acf_changed":false},"product_brand":[615],"product_cat":[335],"product_tag":[],"class_list":{"0":"post-41042","1":"product","2":"type-product","3":"status-publish","4":"has-post-thumbnail","6":"product_brand-k2","7":"product_cat-montagesysteme","10":"first","11":"onbackorder","12":"taxable","13":"shipping-taxable","14":"product-type-simple"},"acf":[],"_links":{"self":[{"href":"https:\/\/evowatt.ch\/de\/wp-json\/wp\/v2\/product\/41042","targetHints":{"allow":["GET"]}}],"collection":[{"href":"https:\/\/evowatt.ch\/de\/wp-json\/wp\/v2\/product"}],"about":[{"href":"https:\/\/evowatt.ch\/de\/wp-json\/wp\/v2\/types\/product"}],"version-history":[{"count":0,"href":"https:\/\/evowatt.ch\/de\/wp-json\/wp\/v2\/product\/41042\/revisions"}],"wp:featuredmedia":[{"embeddable":true,"href":"https:\/\/evowatt.ch\/de\/wp-json\/wp\/v2\/media\/42536"}],"wp:attachment":[{"href":"https:\/\/evowatt.ch\/de\/wp-json\/wp\/v2\/media?parent=41042"}],"wp:term":[{"taxonomy":"product_brand","embeddable":true,"href":"https:\/\/evowatt.ch\/de\/wp-json\/wp\/v2\/product_brand?post=41042"},{"taxonomy":"product_cat","embeddable":true,"href":"https:\/\/evowatt.ch\/de\/wp-json\/wp\/v2\/product_cat?post=41042"},{"taxonomy":"product_tag","embeddable":true,"href":"https:\/\/evowatt.ch\/de\/wp-json\/wp\/v2\/product_tag?post=41042"}],"curies":[{"name":"wp","href":"https:\/\/api.w.org\/{rel}","templated":true}]}}