{"id":41018,"date":"2026-02-11T12:05:35","date_gmt":"2026-02-11T11:05:35","guid":{"rendered":"https:\/\/evowatt.ch\/produit\/rf-pa-vario-1-5-6x30-su25\/"},"modified":"2026-02-11T16:21:39","modified_gmt":"2026-02-11T15:21:39","slug":"rf-pa-vario-1-5-6x30-su25","status":"publish","type":"product","link":"https:\/\/evowatt.ch\/de\/produkt\/rf-pa-vario-1-5-6x30-su25\/","title":{"rendered":"RF PA VARIO 1 &#8211; 5\/6X30 (SU=25)"},"content":{"rendered":"<p>Verstellbare Dachhaken f\u00fcr die Eindeckung mit Pfannenziegeln. B\u00fcgel mit Langloch zur Montage von SolidRails mit Hammerkopfschraube und Mutter M10. Abmessungen Grundplatte: 150x60x5 mm H\u00f6he unter dem Arm: 43 mm H\u00f6he des Arms: 55-90 mm Arm: 30&#215;6 mm Gesamth\u00f6he: 112-145 mm Material: Edelstahl (1.4016)  <\/p>\n","protected":false},"excerpt":{"rendered":"<p>\u2714 Abmessungen Grundplatte: 150x60x5 mm H\u00f6he unter dem Arm: 43 mm H\u00f6he des Arms: 55-90 mm Arm: 30&#215;6 mm Gesamth\u00f6he: 112-145 mm Material: Edelstahl (1.4016)<\/p>\n","protected":false},"featured_media":42572,"template":"","meta":{"_acf_changed":false},"product_brand":[615],"product_cat":[335],"product_tag":[],"class_list":{"0":"post-41018","1":"product","2":"type-product","3":"status-publish","4":"has-post-thumbnail","6":"product_brand-k2","7":"product_cat-montagesysteme","10":"first","11":"onbackorder","12":"taxable","13":"shipping-taxable","14":"product-type-simple"},"acf":[],"_links":{"self":[{"href":"https:\/\/evowatt.ch\/de\/wp-json\/wp\/v2\/product\/41018","targetHints":{"allow":["GET"]}}],"collection":[{"href":"https:\/\/evowatt.ch\/de\/wp-json\/wp\/v2\/product"}],"about":[{"href":"https:\/\/evowatt.ch\/de\/wp-json\/wp\/v2\/types\/product"}],"version-history":[{"count":0,"href":"https:\/\/evowatt.ch\/de\/wp-json\/wp\/v2\/product\/41018\/revisions"}],"wp:featuredmedia":[{"embeddable":true,"href":"https:\/\/evowatt.ch\/de\/wp-json\/wp\/v2\/media\/42572"}],"wp:attachment":[{"href":"https:\/\/evowatt.ch\/de\/wp-json\/wp\/v2\/media?parent=41018"}],"wp:term":[{"taxonomy":"product_brand","embeddable":true,"href":"https:\/\/evowatt.ch\/de\/wp-json\/wp\/v2\/product_brand?post=41018"},{"taxonomy":"product_cat","embeddable":true,"href":"https:\/\/evowatt.ch\/de\/wp-json\/wp\/v2\/product_cat?post=41018"},{"taxonomy":"product_tag","embeddable":true,"href":"https:\/\/evowatt.ch\/de\/wp-json\/wp\/v2\/product_tag?post=41018"}],"curies":[{"name":"wp","href":"https:\/\/api.w.org\/{rel}","templated":true}]}}