{"id":40980,"date":"2026-02-11T12:04:18","date_gmt":"2026-02-11T11:04:18","guid":{"rendered":"https:\/\/evowatt.ch\/produit\/railup-set-su54\/"},"modified":"2026-02-11T16:22:07","modified_gmt":"2026-02-11T15:22:07","slug":"railup-set-su54","status":"publish","type":"product","link":"https:\/\/evowatt.ch\/de\/produkt\/railup-set-su54\/","title":{"rendered":"RAILUP SET (SU=54)"},"content":{"rendered":"<p>Erg\u00e4nzung f\u00fcr das K2 Speed und MultiRail System. Mit dem RailUp Set k\u00f6nnen die Module mit wenig Material um 60 mm erh\u00f6ht werden. Dadurch wird eine optimale Hinterl\u00fcftung der Module auf dem Trapezblechdach erreicht. Dar\u00fcber hinaus wird die Installation von Leistungsoptimierern und Mikro-Invertern leichter zug\u00e4nglich. Das RailUp Set wird unter jedem Modulb\u00fcgel montiert und ist mit dem K2 Universalb\u00fcgel und den K2 Standardmodulb\u00fcgeln kompatibel. Es ist nicht mit dem K2 AddOn kompatibel. Materialien: Aluminium, Edelstahl und TPC.      <\/p>\n","protected":false},"excerpt":{"rendered":"<p>\u2714 Materialien: Aluminium, Edelstahl und TPC.<\/p>\n","protected":false},"featured_media":42674,"template":"","meta":{"_acf_changed":false},"product_brand":[615],"product_cat":[335],"product_tag":[],"class_list":{"0":"post-40980","1":"product","2":"type-product","3":"status-publish","4":"has-post-thumbnail","6":"product_brand-k2","7":"product_cat-montagesysteme","10":"first","11":"onbackorder","12":"taxable","13":"shipping-taxable","14":"product-type-simple"},"acf":[],"_links":{"self":[{"href":"https:\/\/evowatt.ch\/de\/wp-json\/wp\/v2\/product\/40980","targetHints":{"allow":["GET"]}}],"collection":[{"href":"https:\/\/evowatt.ch\/de\/wp-json\/wp\/v2\/product"}],"about":[{"href":"https:\/\/evowatt.ch\/de\/wp-json\/wp\/v2\/types\/product"}],"version-history":[{"count":0,"href":"https:\/\/evowatt.ch\/de\/wp-json\/wp\/v2\/product\/40980\/revisions"}],"wp:featuredmedia":[{"embeddable":true,"href":"https:\/\/evowatt.ch\/de\/wp-json\/wp\/v2\/media\/42674"}],"wp:attachment":[{"href":"https:\/\/evowatt.ch\/de\/wp-json\/wp\/v2\/media?parent=40980"}],"wp:term":[{"taxonomy":"product_brand","embeddable":true,"href":"https:\/\/evowatt.ch\/de\/wp-json\/wp\/v2\/product_brand?post=40980"},{"taxonomy":"product_cat","embeddable":true,"href":"https:\/\/evowatt.ch\/de\/wp-json\/wp\/v2\/product_cat?post=40980"},{"taxonomy":"product_tag","embeddable":true,"href":"https:\/\/evowatt.ch\/de\/wp-json\/wp\/v2\/product_tag?post=40980"}],"curies":[{"name":"wp","href":"https:\/\/api.w.org\/{rel}","templated":true}]}}