{"id":40938,"date":"2026-02-11T12:03:09","date_gmt":"2026-02-11T11:03:09","guid":{"rendered":"https:\/\/evowatt.ch\/produit\/rc-k2l-k2ul-set-su10\/"},"modified":"2026-02-11T16:22:33","modified_gmt":"2026-02-11T15:22:33","slug":"rc-k2l-k2ul-set-su10","status":"publish","type":"product","link":"https:\/\/evowatt.ch\/de\/produkt\/rc-k2l-k2ul-set-su10\/","title":{"rendered":"RC K2L\/K2UL SET (SU=10)"},"content":{"rendered":"<p>F\u00fcr eine schnelle und einfache Verbindung von K2 light und K2 Ultra Light Schienen. Ein Set enth\u00e4lt: 2 x T-Bolzen M10x30 (6312904) 2 x Sechskant-Flanschmutter mit Verzahnung (6312818), 1 x Verbindungsst\u00fcck f\u00fcr K2L und K2UL Schienen. <\/p>\n","protected":false},"excerpt":{"rendered":"<p>\u2714 2 x T-Bolzen M10x30 (6312904) 2 x Sechskant-Flanschmutter mit Verzahnung (6312818), 1 x Verbindungsst\u00fcck f\u00fcr K2L- und K2UL-Schiene<\/p>\n","protected":false},"featured_media":42770,"template":"","meta":{"_acf_changed":false},"product_brand":[615],"product_cat":[335],"product_tag":[],"class_list":{"0":"post-40938","1":"product","2":"type-product","3":"status-publish","4":"has-post-thumbnail","6":"product_brand-k2","7":"product_cat-montagesysteme","10":"first","11":"onbackorder","12":"taxable","13":"shipping-taxable","14":"product-type-simple"},"acf":[],"_links":{"self":[{"href":"https:\/\/evowatt.ch\/de\/wp-json\/wp\/v2\/product\/40938","targetHints":{"allow":["GET"]}}],"collection":[{"href":"https:\/\/evowatt.ch\/de\/wp-json\/wp\/v2\/product"}],"about":[{"href":"https:\/\/evowatt.ch\/de\/wp-json\/wp\/v2\/types\/product"}],"version-history":[{"count":0,"href":"https:\/\/evowatt.ch\/de\/wp-json\/wp\/v2\/product\/40938\/revisions"}],"wp:featuredmedia":[{"embeddable":true,"href":"https:\/\/evowatt.ch\/de\/wp-json\/wp\/v2\/media\/42770"}],"wp:attachment":[{"href":"https:\/\/evowatt.ch\/de\/wp-json\/wp\/v2\/media?parent=40938"}],"wp:term":[{"taxonomy":"product_brand","embeddable":true,"href":"https:\/\/evowatt.ch\/de\/wp-json\/wp\/v2\/product_brand?post=40938"},{"taxonomy":"product_cat","embeddable":true,"href":"https:\/\/evowatt.ch\/de\/wp-json\/wp\/v2\/product_cat?post=40938"},{"taxonomy":"product_tag","embeddable":true,"href":"https:\/\/evowatt.ch\/de\/wp-json\/wp\/v2\/product_tag?post=40938"}],"curies":[{"name":"wp","href":"https:\/\/api.w.org\/{rel}","templated":true}]}}