{"id":40921,"date":"2026-02-11T12:02:32","date_gmt":"2026-02-11T11:02:32","guid":{"rendered":"https:\/\/evowatt.ch\/produit\/rk2-solidrail-light-595\/"},"modified":"2026-02-11T16:22:46","modified_gmt":"2026-02-11T15:22:46","slug":"rk2-solidrail-light-595","status":"publish","type":"product","link":"https:\/\/evowatt.ch\/de\/produkt\/rk2-solidrail-light-595\/","title":{"rendered":"RK2 SOLIDRAIL LIGHT 5,95"},"content":{"rendered":"<p>Montageschiene mit statischem Nachweis in K2 Basis. Variabel einsetzbar f\u00fcr verschiedene Dachanschl\u00fcsse. L\u00e4nge: 5,95 m Material: Aluminium EN AW-6063 T66  <\/p>\n","protected":false},"excerpt":{"rendered":"<p>\u2714 L\u00e4nge: 5,95 m Material: Aluminium EN AW-6063 T66<\/p>\n","protected":false},"featured_media":42818,"template":"","meta":{"_acf_changed":false},"product_brand":[615],"product_cat":[335],"product_tag":[],"class_list":{"0":"post-40921","1":"product","2":"type-product","3":"status-publish","4":"has-post-thumbnail","6":"product_brand-k2","7":"product_cat-montagesysteme","10":"first","11":"onbackorder","12":"taxable","13":"shipping-taxable","14":"product-type-simple"},"acf":[],"_links":{"self":[{"href":"https:\/\/evowatt.ch\/de\/wp-json\/wp\/v2\/product\/40921","targetHints":{"allow":["GET"]}}],"collection":[{"href":"https:\/\/evowatt.ch\/de\/wp-json\/wp\/v2\/product"}],"about":[{"href":"https:\/\/evowatt.ch\/de\/wp-json\/wp\/v2\/types\/product"}],"version-history":[{"count":0,"href":"https:\/\/evowatt.ch\/de\/wp-json\/wp\/v2\/product\/40921\/revisions"}],"wp:featuredmedia":[{"embeddable":true,"href":"https:\/\/evowatt.ch\/de\/wp-json\/wp\/v2\/media\/42818"}],"wp:attachment":[{"href":"https:\/\/evowatt.ch\/de\/wp-json\/wp\/v2\/media?parent=40921"}],"wp:term":[{"taxonomy":"product_brand","embeddable":true,"href":"https:\/\/evowatt.ch\/de\/wp-json\/wp\/v2\/product_brand?post=40921"},{"taxonomy":"product_cat","embeddable":true,"href":"https:\/\/evowatt.ch\/de\/wp-json\/wp\/v2\/product_cat?post=40921"},{"taxonomy":"product_tag","embeddable":true,"href":"https:\/\/evowatt.ch\/de\/wp-json\/wp\/v2\/product_tag?post=40921"}],"curies":[{"name":"wp","href":"https:\/\/api.w.org\/{rel}","templated":true}]}}