{"id":40915,"date":"2026-02-11T12:02:23","date_gmt":"2026-02-11T11:02:23","guid":{"rendered":"https:\/\/evowatt.ch\/produit\/basicrail-480\/"},"modified":"2026-02-11T16:22:49","modified_gmt":"2026-02-11T15:22:49","slug":"basicrail-480","status":"publish","type":"product","link":"https:\/\/evowatt.ch\/de\/produkt\/basicrail-480\/","title":{"rendered":"BASICRAIL 4,80"},"content":{"rendered":"<p>Montageschiene mit statischem Nachweis in K2 Base. F\u00fcr die Montage mit BasicClip auf einem Trapezblechdach oder als Basisschiene f\u00fcr das K2 Dome System. L\u00e4nge 4,80 m Material: Aluminium EN AW-6063 T66  <\/p>\n","protected":false},"excerpt":{"rendered":"<p>\u2714 L\u00e4nge 4,80 m Material: Aluminium EN AW-6063 T66<\/p>\n","protected":false},"featured_media":42830,"template":"","meta":{"_acf_changed":false},"product_brand":[615],"product_cat":[335],"product_tag":[],"class_list":{"0":"post-40915","1":"product","2":"type-product","3":"status-publish","4":"has-post-thumbnail","6":"product_brand-k2","7":"product_cat-montagesysteme","10":"first","11":"onbackorder","12":"taxable","13":"shipping-taxable","14":"product-type-simple"},"acf":[],"_links":{"self":[{"href":"https:\/\/evowatt.ch\/de\/wp-json\/wp\/v2\/product\/40915","targetHints":{"allow":["GET"]}}],"collection":[{"href":"https:\/\/evowatt.ch\/de\/wp-json\/wp\/v2\/product"}],"about":[{"href":"https:\/\/evowatt.ch\/de\/wp-json\/wp\/v2\/types\/product"}],"version-history":[{"count":0,"href":"https:\/\/evowatt.ch\/de\/wp-json\/wp\/v2\/product\/40915\/revisions"}],"wp:featuredmedia":[{"embeddable":true,"href":"https:\/\/evowatt.ch\/de\/wp-json\/wp\/v2\/media\/42830"}],"wp:attachment":[{"href":"https:\/\/evowatt.ch\/de\/wp-json\/wp\/v2\/media?parent=40915"}],"wp:term":[{"taxonomy":"product_brand","embeddable":true,"href":"https:\/\/evowatt.ch\/de\/wp-json\/wp\/v2\/product_brand?post=40915"},{"taxonomy":"product_cat","embeddable":true,"href":"https:\/\/evowatt.ch\/de\/wp-json\/wp\/v2\/product_cat?post=40915"},{"taxonomy":"product_tag","embeddable":true,"href":"https:\/\/evowatt.ch\/de\/wp-json\/wp\/v2\/product_tag?post=40915"}],"curies":[{"name":"wp","href":"https:\/\/api.w.org\/{rel}","templated":true}]}}