{"id":40881,"date":"2026-02-11T12:00:53","date_gmt":"2026-02-11T11:00:53","guid":{"rendered":"https:\/\/evowatt.ch\/produit\/sh-hh-sd-55x19-su500\/"},"modified":"2026-02-11T16:23:18","modified_gmt":"2026-02-11T15:23:18","slug":"sh-hh-sd-55x19-su500","status":"publish","type":"product","link":"https:\/\/evowatt.ch\/de\/produkt\/sh-hh-sd-55x19-su500\/","title":{"rendered":"SH HH SD 5,5X19 (SU=500)"},"content":{"rendered":"<p>Die selbstbohrende Schraube 5,5 x19 wurde speziell f\u00fcr Fassadenbefestigungen aus Aluminium (bis zu 4 mm) entwickelt und garantiert eine zuverl\u00e4ssige Befestigungsl\u00f6sung. Die Schraube wird verwendet f\u00fcr: 6356380 CarrierRail AntiSlip Plate 6356381 Rail AntiSlip Clip Material: Edelstahl A4 <\/p>\n","protected":false},"excerpt":{"rendered":"<p>\u2714 6356380 CarrierRail AntiSlip Plate 6356381 Rail AntiSlip Clip<\/p>\n","protected":false},"featured_media":42938,"template":"","meta":{"_acf_changed":false},"product_brand":[615],"product_cat":[335],"product_tag":[],"class_list":{"0":"post-40881","1":"product","2":"type-product","3":"status-publish","4":"has-post-thumbnail","6":"product_brand-k2","7":"product_cat-montagesysteme","10":"first","11":"onbackorder","12":"taxable","13":"shipping-taxable","14":"product-type-simple"},"acf":[],"_links":{"self":[{"href":"https:\/\/evowatt.ch\/de\/wp-json\/wp\/v2\/product\/40881","targetHints":{"allow":["GET"]}}],"collection":[{"href":"https:\/\/evowatt.ch\/de\/wp-json\/wp\/v2\/product"}],"about":[{"href":"https:\/\/evowatt.ch\/de\/wp-json\/wp\/v2\/types\/product"}],"version-history":[{"count":0,"href":"https:\/\/evowatt.ch\/de\/wp-json\/wp\/v2\/product\/40881\/revisions"}],"wp:featuredmedia":[{"embeddable":true,"href":"https:\/\/evowatt.ch\/de\/wp-json\/wp\/v2\/media\/42938"}],"wp:attachment":[{"href":"https:\/\/evowatt.ch\/de\/wp-json\/wp\/v2\/media?parent=40881"}],"wp:term":[{"taxonomy":"product_brand","embeddable":true,"href":"https:\/\/evowatt.ch\/de\/wp-json\/wp\/v2\/product_brand?post=40881"},{"taxonomy":"product_cat","embeddable":true,"href":"https:\/\/evowatt.ch\/de\/wp-json\/wp\/v2\/product_cat?post=40881"},{"taxonomy":"product_tag","embeddable":true,"href":"https:\/\/evowatt.ch\/de\/wp-json\/wp\/v2\/product_tag?post=40881"}],"curies":[{"name":"wp","href":"https:\/\/api.w.org\/{rel}","templated":true}]}}