{"id":40791,"date":"2026-02-11T11:57:41","date_gmt":"2026-02-11T10:57:41","guid":{"rendered":"https:\/\/evowatt.ch\/produit\/tb-28-15-m10x30-su100-3\/"},"modified":"2026-02-11T16:24:15","modified_gmt":"2026-02-11T15:24:15","slug":"tb-28-15-m10x30-su100-3","status":"publish","type":"product","link":"https:\/\/evowatt.ch\/de\/produkt\/tb-28-15-m10x30-su100-3\/","title":{"rendered":"TB 28\/15 M10X30 (SU=100)"},"content":{"rendered":"<p>Die Hammerkopfschraube kann in die untere Kammer der K2-Schiene eingesetzt werden. Sie kann jederzeit verwendet und sp\u00e4ter bei Bedarf verschoben werden. Kopfform: 215 Gewindegr\u00f6\u00dfe: M 10&#215;30 mm Material: Rostfreier Stahl (1.4301)  <\/p>\n","protected":false},"excerpt":{"rendered":"<p>Die Hammerkopfschraube kann in die untere Kammer der K2-Schiene eingesetzt werden. Sie kann jederzeit verwendet und sp\u00e4ter bei Bedarf verschoben werden. Kopfform: 215 Gewindegr\u00f6\u00dfe: M 10&#215;30 mm Material: Rostfreier Stahl (1.4301)<\/p>\n","protected":false},"featured_media":43154,"template":"","meta":{"_acf_changed":false},"product_brand":[615],"product_cat":[335],"product_tag":[],"class_list":{"0":"post-40791","1":"product","2":"type-product","3":"status-publish","4":"has-post-thumbnail","6":"product_brand-k2","7":"product_cat-montagesysteme","10":"first","11":"onbackorder","12":"taxable","13":"shipping-taxable","14":"product-type-simple"},"acf":[],"_links":{"self":[{"href":"https:\/\/evowatt.ch\/de\/wp-json\/wp\/v2\/product\/40791","targetHints":{"allow":["GET"]}}],"collection":[{"href":"https:\/\/evowatt.ch\/de\/wp-json\/wp\/v2\/product"}],"about":[{"href":"https:\/\/evowatt.ch\/de\/wp-json\/wp\/v2\/types\/product"}],"version-history":[{"count":0,"href":"https:\/\/evowatt.ch\/de\/wp-json\/wp\/v2\/product\/40791\/revisions"}],"wp:featuredmedia":[{"embeddable":true,"href":"https:\/\/evowatt.ch\/de\/wp-json\/wp\/v2\/media\/43154"}],"wp:attachment":[{"href":"https:\/\/evowatt.ch\/de\/wp-json\/wp\/v2\/media?parent=40791"}],"wp:term":[{"taxonomy":"product_brand","embeddable":true,"href":"https:\/\/evowatt.ch\/de\/wp-json\/wp\/v2\/product_brand?post=40791"},{"taxonomy":"product_cat","embeddable":true,"href":"https:\/\/evowatt.ch\/de\/wp-json\/wp\/v2\/product_cat?post=40791"},{"taxonomy":"product_tag","embeddable":true,"href":"https:\/\/evowatt.ch\/de\/wp-json\/wp\/v2\/product_tag?post=40791"}],"curies":[{"name":"wp","href":"https:\/\/api.w.org\/{rel}","templated":true}]}}