{"id":40788,"date":"2026-02-11T11:57:37","date_gmt":"2026-02-11T10:57:37","guid":{"rendered":"https:\/\/evowatt.ch\/produit\/mc-xs-set-al-black-30-33-ss-pa-su20-3\/"},"modified":"2026-02-11T16:24:17","modified_gmt":"2026-02-11T15:24:17","slug":"mc-xs-set-al-black-30-33-ss-pa-su20-3","status":"publish","type":"product","link":"https:\/\/evowatt.ch\/de\/produkt\/mc-xs-set-al-black-30-33-ss-pa-su20-3\/","title":{"rendered":"MC XS SET AL BLACK 30-33 SS PA (SU=20)"},"content":{"rendered":"<p>Schwarz eloxiertes XS Zwischenb\u00fcgelset f\u00fcr die Befestigung von Solarmodulen mit Rahmenh\u00f6hen von 30 bis 33 mm. Nicht kompatibel mit dem K2 Dome 6-System. Materialien: Eloxiertes Aluminium EN AW-6063 T66, rostfreier Stahl A2, PA. Breite: 12,5 mm L\u00e4nge: 65 mm Set bestehend aus : Zwischenb\u00fcgel XS schwarz Zylinderschraube M8x50 1000090 Einschlussmutter aus Edelstahl\/Aluminium M8 1001643 <\/p>\n","protected":false},"excerpt":{"rendered":"<p>\u2714 Zwischenb\u00fcgel XS schwarz Zylinderkopfschraube M8x50 1000090 Einschlussmutter Edelstahl\/Aluminium M8 1001643<\/p>\n","protected":false},"featured_media":43160,"template":"","meta":{"_acf_changed":false},"product_brand":[615],"product_cat":[335],"product_tag":[],"class_list":{"0":"post-40788","1":"product","2":"type-product","3":"status-publish","4":"has-post-thumbnail","6":"product_brand-k2","7":"product_cat-montagesysteme","10":"first","11":"onbackorder","12":"taxable","13":"shipping-taxable","14":"product-type-simple"},"acf":[],"_links":{"self":[{"href":"https:\/\/evowatt.ch\/de\/wp-json\/wp\/v2\/product\/40788","targetHints":{"allow":["GET"]}}],"collection":[{"href":"https:\/\/evowatt.ch\/de\/wp-json\/wp\/v2\/product"}],"about":[{"href":"https:\/\/evowatt.ch\/de\/wp-json\/wp\/v2\/types\/product"}],"version-history":[{"count":0,"href":"https:\/\/evowatt.ch\/de\/wp-json\/wp\/v2\/product\/40788\/revisions"}],"wp:featuredmedia":[{"embeddable":true,"href":"https:\/\/evowatt.ch\/de\/wp-json\/wp\/v2\/media\/43160"}],"wp:attachment":[{"href":"https:\/\/evowatt.ch\/de\/wp-json\/wp\/v2\/media?parent=40788"}],"wp:term":[{"taxonomy":"product_brand","embeddable":true,"href":"https:\/\/evowatt.ch\/de\/wp-json\/wp\/v2\/product_brand?post=40788"},{"taxonomy":"product_cat","embeddable":true,"href":"https:\/\/evowatt.ch\/de\/wp-json\/wp\/v2\/product_cat?post=40788"},{"taxonomy":"product_tag","embeddable":true,"href":"https:\/\/evowatt.ch\/de\/wp-json\/wp\/v2\/product_tag?post=40788"}],"curies":[{"name":"wp","href":"https:\/\/api.w.org\/{rel}","templated":true}]}}