{"id":40782,"date":"2026-02-11T11:57:28","date_gmt":"2026-02-11T10:57:28","guid":{"rendered":"https:\/\/evowatt.ch\/produit\/sc-hh-db-60x38-seal-ejot-su500-3\/"},"modified":"2026-02-11T16:24:20","modified_gmt":"2026-02-11T15:24:20","slug":"sc-hh-db-60x38-seal-ejot-su500-3","status":"publish","type":"product","link":"https:\/\/evowatt.ch\/de\/produkt\/sc-hh-db-60x38-seal-ejot-su500-3\/","title":{"rendered":"SC HH DB 6,0X38 SEAL (EJOT) (SU=500)"},"content":{"rendered":"<p>Zur Montage der Montagehalterung &#8220;SpeedClip&#8221; (2 St\u00fcck pro SpeedClip). Zugelassen f\u00fcr Stahlblech ab 0,4 mm und f\u00fcr Aluminium ab 0,4 mm Dicke. Material: Edelstahl A2, EPDM Antrieb: Sechskant SW 8 mm Abmessungen der Schraube: 6&#215;38 mm Dichtungsscheibe: \u00d8 16 mm  <\/p>\n","protected":false},"excerpt":{"rendered":"<p>\u2714 Zur Montage der Montagehalterung &#8220;SpeedClip&#8221; (2 St\u00fcck pro SpeedClip). Zugelassen f\u00fcr Stahlblech ab 0,4 mm und f\u00fcr Aluminium ab 0,4 mm Dicke. Material: Edelstahl A2, EPDM Antrieb: Sechskant SW 8 mm Abmessungen der Schraube: 6&#215;38 mm Dichtungsscheibe: \u00d8 16 mm  <\/p>\n","protected":false},"featured_media":43172,"template":"","meta":{"_acf_changed":false},"product_brand":[615],"product_cat":[335],"product_tag":[],"class_list":{"0":"post-40782","1":"product","2":"type-product","3":"status-publish","4":"has-post-thumbnail","6":"product_brand-k2","7":"product_cat-montagesysteme","10":"first","11":"onbackorder","12":"taxable","13":"shipping-taxable","14":"product-type-simple"},"acf":[],"_links":{"self":[{"href":"https:\/\/evowatt.ch\/de\/wp-json\/wp\/v2\/product\/40782","targetHints":{"allow":["GET"]}}],"collection":[{"href":"https:\/\/evowatt.ch\/de\/wp-json\/wp\/v2\/product"}],"about":[{"href":"https:\/\/evowatt.ch\/de\/wp-json\/wp\/v2\/types\/product"}],"version-history":[{"count":0,"href":"https:\/\/evowatt.ch\/de\/wp-json\/wp\/v2\/product\/40782\/revisions"}],"wp:featuredmedia":[{"embeddable":true,"href":"https:\/\/evowatt.ch\/de\/wp-json\/wp\/v2\/media\/43172"}],"wp:attachment":[{"href":"https:\/\/evowatt.ch\/de\/wp-json\/wp\/v2\/media?parent=40782"}],"wp:term":[{"taxonomy":"product_brand","embeddable":true,"href":"https:\/\/evowatt.ch\/de\/wp-json\/wp\/v2\/product_brand?post=40782"},{"taxonomy":"product_cat","embeddable":true,"href":"https:\/\/evowatt.ch\/de\/wp-json\/wp\/v2\/product_cat?post=40782"},{"taxonomy":"product_tag","embeddable":true,"href":"https:\/\/evowatt.ch\/de\/wp-json\/wp\/v2\/product_tag?post=40782"}],"curies":[{"name":"wp","href":"https:\/\/api.w.org\/{rel}","templated":true}]}}