{"id":40761,"date":"2026-02-11T11:56:53","date_gmt":"2026-02-11T10:56:53","guid":{"rendered":"https:\/\/evowatt.ch\/produit\/ac-sd-gfm-pu1000-3\/"},"modified":"2026-02-11T16:24:31","modified_gmt":"2026-02-11T15:24:31","slug":"ac-sd-gfm-pu1000-3","status":"publish","type":"product","link":"https:\/\/evowatt.ch\/de\/produkt\/ac-sd-gfm-pu1000-3\/","title":{"rendered":"AC SD GFM (PU=1000)"},"content":{"rendered":"<p>PA-Distanzscheibe zum Ausgleich von H\u00f6henunterschieden bei der Montage des Dachhakens Gewinde und K2 der Schienen (au\u00dfer Solidement), Materialst\u00e4rke: 2 mm, Material: Polyamid 66 mit 50% Glasfasern<\/p>\n","protected":false},"excerpt":{"rendered":"<p>PA-Distanzscheibe zum Ausgleich von H\u00f6henunterschieden bei der Montage des Dachhakens Gewinde und K2 der Schienen (au\u00dfer Solidement), Materialst\u00e4rke: 2 mm, Material: Polyamid 66 mit 50% Glasfasern<\/p>\n","protected":false},"featured_media":43214,"template":"","meta":{"_acf_changed":false},"product_brand":[615],"product_cat":[335],"product_tag":[],"class_list":{"0":"post-40761","1":"product","2":"type-product","3":"status-publish","4":"has-post-thumbnail","6":"product_brand-k2","7":"product_cat-montagesysteme","10":"first","11":"onbackorder","12":"taxable","13":"shipping-taxable","14":"product-type-simple"},"acf":[],"_links":{"self":[{"href":"https:\/\/evowatt.ch\/de\/wp-json\/wp\/v2\/product\/40761","targetHints":{"allow":["GET"]}}],"collection":[{"href":"https:\/\/evowatt.ch\/de\/wp-json\/wp\/v2\/product"}],"about":[{"href":"https:\/\/evowatt.ch\/de\/wp-json\/wp\/v2\/types\/product"}],"version-history":[{"count":0,"href":"https:\/\/evowatt.ch\/de\/wp-json\/wp\/v2\/product\/40761\/revisions"}],"wp:featuredmedia":[{"embeddable":true,"href":"https:\/\/evowatt.ch\/de\/wp-json\/wp\/v2\/media\/43214"}],"wp:attachment":[{"href":"https:\/\/evowatt.ch\/de\/wp-json\/wp\/v2\/media?parent=40761"}],"wp:term":[{"taxonomy":"product_brand","embeddable":true,"href":"https:\/\/evowatt.ch\/de\/wp-json\/wp\/v2\/product_brand?post=40761"},{"taxonomy":"product_cat","embeddable":true,"href":"https:\/\/evowatt.ch\/de\/wp-json\/wp\/v2\/product_cat?post=40761"},{"taxonomy":"product_tag","embeddable":true,"href":"https:\/\/evowatt.ch\/de\/wp-json\/wp\/v2\/product_tag?post=40761"}],"curies":[{"name":"wp","href":"https:\/\/api.w.org\/{rel}","templated":true}]}}