{"id":40752,"date":"2026-02-11T11:56:40","date_gmt":"2026-02-11T10:56:40","guid":{"rendered":"https:\/\/evowatt.ch\/produit\/sc-hh-sd-55x25-su500-3\/"},"modified":"2026-02-11T16:24:35","modified_gmt":"2026-02-11T15:24:35","slug":"sc-hh-sd-55x25-su500-3","status":"publish","type":"product","link":"https:\/\/evowatt.ch\/de\/produkt\/sc-hh-sd-55x25-su500-3\/","title":{"rendered":"SC HH SD 5,5X25 (SU=500)"},"content":{"rendered":"<p>Bei der Montage auf Montana-Sandwichpaneelen m\u00fcssen die Montana CarrierRail und die Schrauben direkt bei Montana bestellt werden, wobei die vorherige statische Berechnung von K2 vorzulegen ist. Bei Verwendung auf Sandwichelementen anderer Hersteller muss die Garantie gekl\u00e4rt werden. Selbstschneidende Sechskantblechschraube 5,5&#215;25 mm. Befestigung der CarrierRail auf d\u00fcnnwandigen Metallprofilen f\u00fcr PV-Anlagen. Zugelassen f\u00fcr Stahlblech ab 0,4 mm und Aluminium ab 0,5 mm bis zu einer Dicke von 1,25 mm. Mit technischer Zulassung Material: Edelstahl A2, EPDMe A2, EPDM     <\/p>\n","protected":false},"excerpt":{"rendered":"<p>\u2714 Zugelassen f\u00fcr Stahlblech ab 0,4 mm und f\u00fcr Aluminium ab 0,5 mm bis 1,25 mm Dicke. Mit technischer Zulassung Material: Edelstahl A2, EPDMe A2, EPDM <\/p>\n","protected":false},"featured_media":43232,"template":"","meta":{"_acf_changed":false},"product_brand":[615],"product_cat":[335],"product_tag":[],"class_list":{"0":"post-40752","1":"product","2":"type-product","3":"status-publish","4":"has-post-thumbnail","6":"product_brand-k2","7":"product_cat-montagesysteme","10":"first","11":"onbackorder","12":"taxable","13":"shipping-taxable","14":"product-type-simple"},"acf":[],"_links":{"self":[{"href":"https:\/\/evowatt.ch\/de\/wp-json\/wp\/v2\/product\/40752","targetHints":{"allow":["GET"]}}],"collection":[{"href":"https:\/\/evowatt.ch\/de\/wp-json\/wp\/v2\/product"}],"about":[{"href":"https:\/\/evowatt.ch\/de\/wp-json\/wp\/v2\/types\/product"}],"version-history":[{"count":0,"href":"https:\/\/evowatt.ch\/de\/wp-json\/wp\/v2\/product\/40752\/revisions"}],"wp:featuredmedia":[{"embeddable":true,"href":"https:\/\/evowatt.ch\/de\/wp-json\/wp\/v2\/media\/43232"}],"wp:attachment":[{"href":"https:\/\/evowatt.ch\/de\/wp-json\/wp\/v2\/media?parent=40752"}],"wp:term":[{"taxonomy":"product_brand","embeddable":true,"href":"https:\/\/evowatt.ch\/de\/wp-json\/wp\/v2\/product_brand?post=40752"},{"taxonomy":"product_cat","embeddable":true,"href":"https:\/\/evowatt.ch\/de\/wp-json\/wp\/v2\/product_cat?post=40752"},{"taxonomy":"product_tag","embeddable":true,"href":"https:\/\/evowatt.ch\/de\/wp-json\/wp\/v2\/product_tag?post=40752"}],"curies":[{"name":"wp","href":"https:\/\/api.w.org\/{rel}","templated":true}]}}