{"id":40645,"date":"2026-02-11T11:52:30","date_gmt":"2026-02-11T10:52:30","guid":{"rendered":"https:\/\/evowatt.ch\/produit\/pe-platte-600x800-pu200-2\/"},"modified":"2026-02-11T11:52:30","modified_gmt":"2026-02-11T10:52:30","slug":"pe-platte-600x800-pu200-2","status":"publish","type":"product","link":"https:\/\/evowatt.ch\/de\/produkt\/pe-platte-600x800-pu200-2\/","title":{"rendered":"PE-PLATTE 600X800 (PU=200)"},"content":{"rendered":"<p>PE-Basisplatte f\u00fcr die Montage von Strukturen auf Flachd\u00e4chern mit Kies. Abmessungen: 600 \u00d7 800 mm Gewicht: 3,0 kg Die Standardberechnungen basieren auf 5 cm Kies, d.h. 25 kg Ballast pro PE-Platte. <\/p>\n","protected":false},"excerpt":{"rendered":"<p>PE-Basisplatte f\u00fcr die Montage von Strukturen auf Flachd\u00e4chern mit Kies. Abmessungen: 600 \u00d7 800 mm Gewicht: 3,0 kg Die Standardberechnungen basieren auf 5 cm Kies, d.h. 25 kg Ballast pro PE-Platte.<\/p>\n","protected":false},"featured_media":0,"template":"","meta":{"_acf_changed":false},"product_brand":[],"product_cat":[15],"product_tag":[],"class_list":{"0":"post-40645","1":"product","2":"type-product","3":"status-publish","5":"product_cat-chauffage-et-climatisation","7":"first","8":"onbackorder","9":"taxable","10":"shipping-taxable","11":"product-type-simple"},"acf":[],"_links":{"self":[{"href":"https:\/\/evowatt.ch\/de\/wp-json\/wp\/v2\/product\/40645","targetHints":{"allow":["GET"]}}],"collection":[{"href":"https:\/\/evowatt.ch\/de\/wp-json\/wp\/v2\/product"}],"about":[{"href":"https:\/\/evowatt.ch\/de\/wp-json\/wp\/v2\/types\/product"}],"version-history":[{"count":0,"href":"https:\/\/evowatt.ch\/de\/wp-json\/wp\/v2\/product\/40645\/revisions"}],"wp:attachment":[{"href":"https:\/\/evowatt.ch\/de\/wp-json\/wp\/v2\/media?parent=40645"}],"wp:term":[{"taxonomy":"product_brand","embeddable":true,"href":"https:\/\/evowatt.ch\/de\/wp-json\/wp\/v2\/product_brand?post=40645"},{"taxonomy":"product_cat","embeddable":true,"href":"https:\/\/evowatt.ch\/de\/wp-json\/wp\/v2\/product_cat?post=40645"},{"taxonomy":"product_tag","embeddable":true,"href":"https:\/\/evowatt.ch\/de\/wp-json\/wp\/v2\/product_tag?post=40645"}],"curies":[{"name":"wp","href":"https:\/\/api.w.org\/{rel}","templated":true}]}}