{"id":40642,"date":"2026-02-11T11:52:25","date_gmt":"2026-02-11T10:52:25","guid":{"rendered":"https:\/\/evowatt.ch\/produit\/tb-28-15-m10x30-su100-2\/"},"modified":"2026-02-11T11:52:25","modified_gmt":"2026-02-11T10:52:25","slug":"tb-28-15-m10x30-su100-2","status":"publish","type":"product","link":"https:\/\/evowatt.ch\/de\/produkt\/tb-28-15-m10x30-su100-2\/","title":{"rendered":"TB 28\/15 M10X30 (SU=100)"},"content":{"rendered":"<p>Die Hammerkopfschraube kann in die untere Kammer der K2-Schiene eingesetzt werden. Sie kann jederzeit verwendet und sp\u00e4ter bei Bedarf verschoben werden. Kopfform: 215 Gewindegr\u00f6\u00dfe: M 10&#215;30 mm Material: Rostfreier Stahl (1.4301)  <\/p>\n","protected":false},"excerpt":{"rendered":"<p>Die Hammerkopfschraube kann in die untere Kammer der K2-Schiene eingesetzt werden. Sie kann jederzeit verwendet und sp\u00e4ter bei Bedarf verschoben werden. Kopfform: 215 Gewindegr\u00f6\u00dfe: M 10&#215;30 mm Material: Rostfreier Stahl (1.4301)<\/p>\n","protected":false},"featured_media":0,"template":"","meta":{"_acf_changed":false},"product_brand":[],"product_cat":[15],"product_tag":[],"class_list":{"0":"post-40642","1":"product","2":"type-product","3":"status-publish","5":"product_cat-chauffage-et-climatisation","7":"first","8":"onbackorder","9":"taxable","10":"shipping-taxable","11":"product-type-simple"},"acf":[],"_links":{"self":[{"href":"https:\/\/evowatt.ch\/de\/wp-json\/wp\/v2\/product\/40642","targetHints":{"allow":["GET"]}}],"collection":[{"href":"https:\/\/evowatt.ch\/de\/wp-json\/wp\/v2\/product"}],"about":[{"href":"https:\/\/evowatt.ch\/de\/wp-json\/wp\/v2\/types\/product"}],"version-history":[{"count":0,"href":"https:\/\/evowatt.ch\/de\/wp-json\/wp\/v2\/product\/40642\/revisions"}],"wp:attachment":[{"href":"https:\/\/evowatt.ch\/de\/wp-json\/wp\/v2\/media?parent=40642"}],"wp:term":[{"taxonomy":"product_brand","embeddable":true,"href":"https:\/\/evowatt.ch\/de\/wp-json\/wp\/v2\/product_brand?post=40642"},{"taxonomy":"product_cat","embeddable":true,"href":"https:\/\/evowatt.ch\/de\/wp-json\/wp\/v2\/product_cat?post=40642"},{"taxonomy":"product_tag","embeddable":true,"href":"https:\/\/evowatt.ch\/de\/wp-json\/wp\/v2\/product_tag?post=40642"}],"curies":[{"name":"wp","href":"https:\/\/api.w.org\/{rel}","templated":true}]}}