{"id":40633,"date":"2026-02-11T11:52:12","date_gmt":"2026-02-11T10:52:12","guid":{"rendered":"https:\/\/evowatt.ch\/produit\/sc-hh-db-60x38-seal-ejot-su500-2\/"},"modified":"2026-02-11T11:52:12","modified_gmt":"2026-02-11T10:52:12","slug":"sc-hh-db-60x38-seal-ejot-su500-2","status":"publish","type":"product","link":"https:\/\/evowatt.ch\/de\/produkt\/sc-hh-db-60x38-seal-ejot-su500-2\/","title":{"rendered":"SC HH DB 6,0X38 SEAL (EJOT) (SU=500)"},"content":{"rendered":"<p>Zur Montage der Montagehalterung &#8220;SpeedClip&#8221; (2 St\u00fcck pro SpeedClip). Zugelassen f\u00fcr Stahlblech ab 0,4 mm und f\u00fcr Aluminium ab 0,4 mm Dicke. Material: Edelstahl A2, EPDM Antrieb: Sechskant SW 8 mm Abmessungen der Schraube: 6&#215;38 mm Dichtungsscheibe: \u00d8 16 mm  <\/p>\n","protected":false},"excerpt":{"rendered":"<p>\u2714 Zur Montage der Montagehalterung &#8220;SpeedClip&#8221; (2 St\u00fcck pro SpeedClip). Zugelassen f\u00fcr Stahlblech ab 0,4 mm und f\u00fcr Aluminium ab 0,4 mm Dicke. Material: Edelstahl A2, EPDM Antrieb: Sechskant SW 8 mm Abmessungen der Schraube: 6&#215;38 mm Dichtungsscheibe: \u00d8 16 mm  <\/p>\n","protected":false},"featured_media":0,"template":"","meta":{"_acf_changed":false},"product_brand":[],"product_cat":[15],"product_tag":[],"class_list":{"0":"post-40633","1":"product","2":"type-product","3":"status-publish","5":"product_cat-chauffage-et-climatisation","7":"first","8":"onbackorder","9":"taxable","10":"shipping-taxable","11":"product-type-simple"},"acf":[],"_links":{"self":[{"href":"https:\/\/evowatt.ch\/de\/wp-json\/wp\/v2\/product\/40633","targetHints":{"allow":["GET"]}}],"collection":[{"href":"https:\/\/evowatt.ch\/de\/wp-json\/wp\/v2\/product"}],"about":[{"href":"https:\/\/evowatt.ch\/de\/wp-json\/wp\/v2\/types\/product"}],"version-history":[{"count":0,"href":"https:\/\/evowatt.ch\/de\/wp-json\/wp\/v2\/product\/40633\/revisions"}],"wp:attachment":[{"href":"https:\/\/evowatt.ch\/de\/wp-json\/wp\/v2\/media?parent=40633"}],"wp:term":[{"taxonomy":"product_brand","embeddable":true,"href":"https:\/\/evowatt.ch\/de\/wp-json\/wp\/v2\/product_brand?post=40633"},{"taxonomy":"product_cat","embeddable":true,"href":"https:\/\/evowatt.ch\/de\/wp-json\/wp\/v2\/product_cat?post=40633"},{"taxonomy":"product_tag","embeddable":true,"href":"https:\/\/evowatt.ch\/de\/wp-json\/wp\/v2\/product_tag?post=40633"}],"curies":[{"name":"wp","href":"https:\/\/api.w.org\/{rel}","templated":true}]}}