{"id":40612,"date":"2026-02-11T11:51:38","date_gmt":"2026-02-11T10:51:38","guid":{"rendered":"https:\/\/evowatt.ch\/produit\/ac-sd-gfm-pu1000-2\/"},"modified":"2026-02-11T11:51:38","modified_gmt":"2026-02-11T10:51:38","slug":"ac-sd-gfm-pu1000-2","status":"publish","type":"product","link":"https:\/\/evowatt.ch\/de\/produkt\/ac-sd-gfm-pu1000-2\/","title":{"rendered":"AC SD GFM (PU=1000)"},"content":{"rendered":"<p>PA-Distanzscheibe zum Ausgleich von H\u00f6henunterschieden bei der Montage des Dachhakens Gewinde und K2 der Schienen (au\u00dfer Solidement), Materialst\u00e4rke: 2 mm, Material: Polyamid 66 mit 50% Glasfasern<\/p>\n","protected":false},"excerpt":{"rendered":"<p>PA-Distanzscheibe zum Ausgleich von H\u00f6henunterschieden bei der Montage des Dachhakens Gewinde und K2 der Schienen (au\u00dfer Solidement), Materialst\u00e4rke: 2 mm, Material: Polyamid 66 mit 50% Glasfasern<\/p>\n","protected":false},"featured_media":0,"template":"","meta":{"_acf_changed":false},"product_brand":[],"product_cat":[15],"product_tag":[],"class_list":{"0":"post-40612","1":"product","2":"type-product","3":"status-publish","5":"product_cat-chauffage-et-climatisation","7":"first","8":"onbackorder","9":"taxable","10":"shipping-taxable","11":"product-type-simple"},"acf":[],"_links":{"self":[{"href":"https:\/\/evowatt.ch\/de\/wp-json\/wp\/v2\/product\/40612","targetHints":{"allow":["GET"]}}],"collection":[{"href":"https:\/\/evowatt.ch\/de\/wp-json\/wp\/v2\/product"}],"about":[{"href":"https:\/\/evowatt.ch\/de\/wp-json\/wp\/v2\/types\/product"}],"version-history":[{"count":0,"href":"https:\/\/evowatt.ch\/de\/wp-json\/wp\/v2\/product\/40612\/revisions"}],"wp:attachment":[{"href":"https:\/\/evowatt.ch\/de\/wp-json\/wp\/v2\/media?parent=40612"}],"wp:term":[{"taxonomy":"product_brand","embeddable":true,"href":"https:\/\/evowatt.ch\/de\/wp-json\/wp\/v2\/product_brand?post=40612"},{"taxonomy":"product_cat","embeddable":true,"href":"https:\/\/evowatt.ch\/de\/wp-json\/wp\/v2\/product_cat?post=40612"},{"taxonomy":"product_tag","embeddable":true,"href":"https:\/\/evowatt.ch\/de\/wp-json\/wp\/v2\/product_tag?post=40612"}],"curies":[{"name":"wp","href":"https:\/\/api.w.org\/{rel}","templated":true}]}}