{"id":40564,"date":"2026-02-11T11:50:18","date_gmt":"2026-02-11T10:50:18","guid":{"rendered":"https:\/\/evowatt.ch\/produit\/sc-hh-db-60x25-seal-su160-2\/"},"modified":"2026-02-11T11:50:18","modified_gmt":"2026-02-11T10:50:18","slug":"sc-hh-db-60x25-seal-su160-2","status":"publish","type":"product","link":"https:\/\/evowatt.ch\/de\/produkt\/sc-hh-db-60x25-seal-su160-2\/","title":{"rendered":"SC HH DB 6,0X25 SEAL (SU=160)"},"content":{"rendered":"<p>Zur Befestigung von Flachschienen und MiniRail mit Dichtscheibe, zugelassen f\u00fcr Stahlbleche ab 0,4 mm und Aluminium ab 0,5 mm bis 1,25 mm Dicke. Antrieb: Sechskant SW8 Gr\u00f6\u00dfe: 6,0&#215;25 Material: Edelstahl A2, EPDM <\/p>\n","protected":false},"excerpt":{"rendered":"<p>\u2714 Antrieb: Sechskant SW8 Gr\u00f6\u00dfe: 6,0&#215;25 Material: Edelstahl A2, EPDM<\/p>\n","protected":false},"featured_media":0,"template":"","meta":{"_acf_changed":false},"product_brand":[],"product_cat":[15],"product_tag":[],"class_list":{"0":"post-40564","1":"product","2":"type-product","3":"status-publish","5":"product_cat-chauffage-et-climatisation","7":"first","8":"onbackorder","9":"taxable","10":"shipping-taxable","11":"product-type-simple"},"acf":[],"_links":{"self":[{"href":"https:\/\/evowatt.ch\/de\/wp-json\/wp\/v2\/product\/40564","targetHints":{"allow":["GET"]}}],"collection":[{"href":"https:\/\/evowatt.ch\/de\/wp-json\/wp\/v2\/product"}],"about":[{"href":"https:\/\/evowatt.ch\/de\/wp-json\/wp\/v2\/types\/product"}],"version-history":[{"count":0,"href":"https:\/\/evowatt.ch\/de\/wp-json\/wp\/v2\/product\/40564\/revisions"}],"wp:attachment":[{"href":"https:\/\/evowatt.ch\/de\/wp-json\/wp\/v2\/media?parent=40564"}],"wp:term":[{"taxonomy":"product_brand","embeddable":true,"href":"https:\/\/evowatt.ch\/de\/wp-json\/wp\/v2\/product_brand?post=40564"},{"taxonomy":"product_cat","embeddable":true,"href":"https:\/\/evowatt.ch\/de\/wp-json\/wp\/v2\/product_cat?post=40564"},{"taxonomy":"product_tag","embeddable":true,"href":"https:\/\/evowatt.ch\/de\/wp-json\/wp\/v2\/product_tag?post=40564"}],"curies":[{"name":"wp","href":"https:\/\/api.w.org\/{rel}","templated":true}]}}