{"id":37754,"date":"2026-02-10T21:16:16","date_gmt":"2026-02-10T20:16:16","guid":{"rendered":"https:\/\/evowatt.ch\/produit\/ds-medi-set-su50\/"},"modified":"2026-02-10T21:16:16","modified_gmt":"2026-02-10T20:16:16","slug":"ds-medi-set-su50","status":"publish","type":"product","link":"https:\/\/evowatt.ch\/de\/produkt\/ds-medi-set-su50\/","title":{"rendered":"DS-MEDI SET (SU=50)"},"content":{"rendered":"<p>DS-Medi-Klemme f\u00fcr die Montage auf Doppelstegd\u00e4chern aus Titanzink, Aluminium, Edelstahl oder verzinktem Stahl, L\u00e4nge 40 mm, vormontiertes St\u00fcck einschlie\u00dflich Klemme und Bolzen, 2 Befestigungsschrauben. F\u00fcr die Montage auf D\u00e4chern mit Kupferdichtungen ist zus\u00e4tzlich eine Einlage pro Satz DS-Medi erforderlich, um elektrochemische Korrosion zu vermeiden (6323275). Material: Klemme aus Aluminium, Schraube aus Edelstahl A2 geeignet f\u00fcr K2 Singlerail und Crossrail.  <\/p>\n","protected":false},"excerpt":{"rendered":"<p>DS-Medi-Klemme f\u00fcr die Montage auf Doppelstegd\u00e4chern aus Titanzink, Aluminium, Edelstahl oder verzinktem Stahl, L\u00e4nge 40 mm, vormontiertes St\u00fcck einschlie\u00dflich Klemme und Bolzen, 2 Befestigungsschrauben. F\u00fcr die Montage auf D\u00e4chern mit Kupferdichtungen ist zus\u00e4tzlich eine Einlage pro Satz DS-Medi erforderlich, um elektrochemische Korrosion zu vermeiden (6323275). Material: Klemme aus Aluminium, Schraube aus Edelstahl A2 geeignet f\u00fcr [&hellip;]<\/p>\n","protected":false},"featured_media":0,"template":"","meta":{"_acf_changed":false},"product_brand":[],"product_cat":[15],"product_tag":[],"class_list":{"0":"post-37754","1":"product","2":"type-product","3":"status-publish","5":"product_cat-chauffage-et-climatisation","7":"first","8":"onbackorder","9":"taxable","10":"shipping-taxable","11":"product-type-simple"},"acf":[],"_links":{"self":[{"href":"https:\/\/evowatt.ch\/de\/wp-json\/wp\/v2\/product\/37754","targetHints":{"allow":["GET"]}}],"collection":[{"href":"https:\/\/evowatt.ch\/de\/wp-json\/wp\/v2\/product"}],"about":[{"href":"https:\/\/evowatt.ch\/de\/wp-json\/wp\/v2\/types\/product"}],"version-history":[{"count":0,"href":"https:\/\/evowatt.ch\/de\/wp-json\/wp\/v2\/product\/37754\/revisions"}],"wp:attachment":[{"href":"https:\/\/evowatt.ch\/de\/wp-json\/wp\/v2\/media?parent=37754"}],"wp:term":[{"taxonomy":"product_brand","embeddable":true,"href":"https:\/\/evowatt.ch\/de\/wp-json\/wp\/v2\/product_brand?post=37754"},{"taxonomy":"product_cat","embeddable":true,"href":"https:\/\/evowatt.ch\/de\/wp-json\/wp\/v2\/product_cat?post=37754"},{"taxonomy":"product_tag","embeddable":true,"href":"https:\/\/evowatt.ch\/de\/wp-json\/wp\/v2\/product_tag?post=37754"}],"curies":[{"name":"wp","href":"https:\/\/api.w.org\/{rel}","templated":true}]}}