{"id":37744,"date":"2026-02-10T21:15:40","date_gmt":"2026-02-10T20:15:40","guid":{"rendered":"https:\/\/evowatt.ch\/produit\/basicrail-595\/"},"modified":"2026-02-10T21:15:40","modified_gmt":"2026-02-10T20:15:40","slug":"basicrail-595","status":"publish","type":"product","link":"https:\/\/evowatt.ch\/de\/produkt\/basicrail-595\/","title":{"rendered":"BASICRAIL 5,95"},"content":{"rendered":"<p>Montageschiene mit statischem Nachweis in K2 Base. F\u00fcr die Montage mit BasicClip auf einem Trapezblechdach oder als Basisschiene f\u00fcr das K2 Dome System. L\u00e4nge 5,95 m Material: Aluminium EN AW-6063 T66  <\/p>\n","protected":false},"excerpt":{"rendered":"<p>\u2714 L\u00e4nge 5,95 m Material: Aluminium EN AW-6063 T66<\/p>\n","protected":false},"featured_media":0,"template":"","meta":{"_acf_changed":false},"product_brand":[],"product_cat":[15],"product_tag":[],"class_list":{"0":"post-37744","1":"product","2":"type-product","3":"status-publish","5":"product_cat-chauffage-et-climatisation","7":"first","8":"onbackorder","9":"taxable","10":"shipping-taxable","11":"product-type-simple"},"acf":[],"_links":{"self":[{"href":"https:\/\/evowatt.ch\/de\/wp-json\/wp\/v2\/product\/37744","targetHints":{"allow":["GET"]}}],"collection":[{"href":"https:\/\/evowatt.ch\/de\/wp-json\/wp\/v2\/product"}],"about":[{"href":"https:\/\/evowatt.ch\/de\/wp-json\/wp\/v2\/types\/product"}],"version-history":[{"count":0,"href":"https:\/\/evowatt.ch\/de\/wp-json\/wp\/v2\/product\/37744\/revisions"}],"wp:attachment":[{"href":"https:\/\/evowatt.ch\/de\/wp-json\/wp\/v2\/media?parent=37744"}],"wp:term":[{"taxonomy":"product_brand","embeddable":true,"href":"https:\/\/evowatt.ch\/de\/wp-json\/wp\/v2\/product_brand?post=37744"},{"taxonomy":"product_cat","embeddable":true,"href":"https:\/\/evowatt.ch\/de\/wp-json\/wp\/v2\/product_cat?post=37744"},{"taxonomy":"product_tag","embeddable":true,"href":"https:\/\/evowatt.ch\/de\/wp-json\/wp\/v2\/product_tag?post=37744"}],"curies":[{"name":"wp","href":"https:\/\/api.w.org\/{rel}","templated":true}]}}