{"id":37742,"date":"2026-02-10T21:15:35","date_gmt":"2026-02-10T20:15:35","guid":{"rendered":"https:\/\/evowatt.ch\/produit\/insertionrail-2-0-endstop-s-black-su25\/"},"modified":"2026-02-10T21:15:35","modified_gmt":"2026-02-10T20:15:35","slug":"insertionrail-2-0-endstop-s-black-su25","status":"publish","type":"product","link":"https:\/\/evowatt.ch\/de\/produkt\/insertionrail-2-0-endstop-s-black-su25\/","title":{"rendered":"INSERTIONRAIL 2.0 ENDSTOP S BLACK (SU=25)"},"content":{"rendered":"<p>Der EndStop 2.0 ist ein Endb\u00fcgel f\u00fcr die K2 InsertionRail 2.0. Der B\u00fcgel verhindert das Verrutschen der eingef\u00fcgten Module und fungiert als \u00e4sthetische Seitenbefestigung. Produktmerkmale: Material: Edelstahl 1.4301 Farbe: schwarz  <\/p>\n","protected":false},"excerpt":{"rendered":"<p>\u2714 Material: Edelstahl 1.4301 Farbe: schwarz<\/p>\n","protected":false},"featured_media":0,"template":"","meta":{"_acf_changed":false},"product_brand":[],"product_cat":[15],"product_tag":[],"class_list":{"0":"post-37742","1":"product","2":"type-product","3":"status-publish","5":"product_cat-chauffage-et-climatisation","7":"first","8":"onbackorder","9":"taxable","10":"shipping-taxable","11":"product-type-simple"},"acf":[],"_links":{"self":[{"href":"https:\/\/evowatt.ch\/de\/wp-json\/wp\/v2\/product\/37742","targetHints":{"allow":["GET"]}}],"collection":[{"href":"https:\/\/evowatt.ch\/de\/wp-json\/wp\/v2\/product"}],"about":[{"href":"https:\/\/evowatt.ch\/de\/wp-json\/wp\/v2\/types\/product"}],"version-history":[{"count":0,"href":"https:\/\/evowatt.ch\/de\/wp-json\/wp\/v2\/product\/37742\/revisions"}],"wp:attachment":[{"href":"https:\/\/evowatt.ch\/de\/wp-json\/wp\/v2\/media?parent=37742"}],"wp:term":[{"taxonomy":"product_brand","embeddable":true,"href":"https:\/\/evowatt.ch\/de\/wp-json\/wp\/v2\/product_brand?post=37742"},{"taxonomy":"product_cat","embeddable":true,"href":"https:\/\/evowatt.ch\/de\/wp-json\/wp\/v2\/product_cat?post=37742"},{"taxonomy":"product_tag","embeddable":true,"href":"https:\/\/evowatt.ch\/de\/wp-json\/wp\/v2\/product_tag?post=37742"}],"curies":[{"name":"wp","href":"https:\/\/api.w.org\/{rel}","templated":true}]}}