{"id":33136,"date":"2026-01-25T20:14:13","date_gmt":"2026-01-25T19:14:13","guid":{"rendered":"https:\/\/evowatt.ch\/produit\/tsm-460ned9r-28-vertex-s-schild\/"},"modified":"2026-01-28T22:16:22","modified_gmt":"2026-01-28T21:16:22","slug":"tsm-460ned9r-28-vertex-s-schild","status":"publish","type":"product","link":"https:\/\/evowatt.ch\/de\/produkt\/tsm-460ned9r-28-vertex-s-schild\/","title":{"rendered":"TSM-460NED9R.28 VERTEX S+ SHIELD | 460W"},"content":{"rendered":"<p>Die  <strong>TSM-460NED9R.28 VERTEX S+ SHIELD <\/strong>  ist ein Hochleistungs-Solarmodul aus der Vertex S+ Shield Serie von Trina Solar.<br \/>\n Mit einer Leistung von <strong>460 W<\/strong> nutzt dieses Modul die TOPCon N-Type (Shield) Technologie der neuesten Generation<br \/>\n, um einen au\u00dfergew\u00f6hnlichen Wirkungsgrad und eine ausgezeichnete Leistung bei schlechten Lichtverh\u00e4ltnissen zu bieten.<\/p>\n<h3>\ud83c\udf1f Vorteile Trina Solar<\/h3>\n<ul>\n<li><strong>TOPCon N-Type Technologie<\/strong>: h\u00f6here Effizienz und bessere Energieproduktion<\/li>\n<li><strong>Ausgezeichneter Temperaturkoeffizient<\/strong>: optimale Leistung auch bei hei\u00dfem Wetter<\/li>\n<li><strong>25 Jahre Produktgarantie<\/strong>: erh\u00f6hte Zuverl\u00e4ssigkeit und Haltbarkeit<\/li>\n<li><strong>Zertifiziert f\u00fcr die Schweiz<\/strong>: Hagelwiderstand (VKF-Zertifikat)<\/li>\n<li><strong>Elegantes Design<\/strong>: schwarz eloxierter Rahmen f\u00fcr eine \u00e4sthetische Integration<\/li>\n<\/ul>\n<h3>\ud83d\udccb Produktmerkmale<\/h3>\n<ul>\n<li>Kabel (ca. 110 cm) und MC4-EVO-Steckverbindersystem im Lieferumfang enthalten<\/li>\n<li>Robuster Rahmen aus schwarz eloxiertem Aluminium<\/li>\n<li>TOPCon Hochleistungs-Solarzellen<\/li>\n<li>Glasdicke: 2,5 mm \/ 2 mm<\/li>\n<li>Hagelwiderstandsklasse: RG 4 (VKF-Zertifikat)<\/li>\n<\/ul>\n","protected":false},"excerpt":{"rendered":"<p>460W | 53.80V (Uoc) | 10.14A (Impp) | 1762 x 1134 x 30 mm | 27.0 kg | Hagelwiderstand RG 4<\/p>\n","protected":false},"featured_media":33206,"template":"","meta":{"_acf_changed":false},"product_brand":[497],"product_cat":[360],"product_tag":[],"class_list":{"0":"post-33136","1":"product","2":"type-product","3":"status-publish","4":"has-post-thumbnail","6":"product_brand-trina-solar-de-2","7":"product_cat-solarmodule","8":"pa_puissance-460w","11":"first","12":"instock","13":"virtual","14":"taxable","15":"product-type-simple"},"acf":[],"_links":{"self":[{"href":"https:\/\/evowatt.ch\/de\/wp-json\/wp\/v2\/product\/33136","targetHints":{"allow":["GET"]}}],"collection":[{"href":"https:\/\/evowatt.ch\/de\/wp-json\/wp\/v2\/product"}],"about":[{"href":"https:\/\/evowatt.ch\/de\/wp-json\/wp\/v2\/types\/product"}],"version-history":[{"count":4,"href":"https:\/\/evowatt.ch\/de\/wp-json\/wp\/v2\/product\/33136\/revisions"}],"predecessor-version":[{"id":33283,"href":"https:\/\/evowatt.ch\/de\/wp-json\/wp\/v2\/product\/33136\/revisions\/33283"}],"wp:featuredmedia":[{"embeddable":true,"href":"https:\/\/evowatt.ch\/de\/wp-json\/wp\/v2\/media\/33206"}],"wp:attachment":[{"href":"https:\/\/evowatt.ch\/de\/wp-json\/wp\/v2\/media?parent=33136"}],"wp:term":[{"taxonomy":"product_brand","embeddable":true,"href":"https:\/\/evowatt.ch\/de\/wp-json\/wp\/v2\/product_brand?post=33136"},{"taxonomy":"product_cat","embeddable":true,"href":"https:\/\/evowatt.ch\/de\/wp-json\/wp\/v2\/product_cat?post=33136"},{"taxonomy":"product_tag","embeddable":true,"href":"https:\/\/evowatt.ch\/de\/wp-json\/wp\/v2\/product_tag?post=33136"}],"curies":[{"name":"wp","href":"https:\/\/api.w.org\/{rel}","templated":true}]}}