{"id":30858,"date":"2025-10-23T15:27:52","date_gmt":"2025-10-23T13:27:52","guid":{"rendered":"https:\/\/evowatt.ch\/produit\/solid-bifacial-framed-glass-glass-fullblack-435w-2\/"},"modified":"2026-01-17T17:18:25","modified_gmt":"2026-01-17T16:18:25","slug":"solid-bifacial-framed-glass-glass-fullblack-435w-2","status":"publish","type":"product","link":"https:\/\/evowatt.ch\/de\/produkt\/solid-bifacial-framed-glass-glass-fullblack-435w-2\/","title":{"rendered":"SOLITEK SOLID BIFACIAL MIT GLASRAHMEN\/GLAS SCHWARZ INTEGRAL 435W"},"content":{"rendered":"<p>inkl. Kabel (ca. 120 cm) und Verbindungssystem MC4 EVO<br \/>\nstabiler Rahmen aus schwarz eloxiertem Aluminium<br \/>\nbifaziale Topcon Hochleistungssolarzellen<br \/>\nGlasdicke: 2x 3.2 mm<\/p>\n<p>zugelassen f\u00fcr \u00fcberh\u00e4ngende Verglasung<br \/>\nentspricht der Brandverhaltensgruppe RF2 nach DIN EN 13501-1<br \/>\nHagelwiderstand: RG 5 (<br \/>\nVKF-Zertifikat<br \/>\n)<\/p>\n","protected":false},"excerpt":{"rendered":"<p>inkl. Kabel (ca. 120 cm) und Verbindungssystem MC4 EVO stabiler Rahmen aus schwarz eloxiertem Aluminium bifaziale Topcon Hochleistungssolarzellen Glasdicke: 2x 3.2 mm zugelassen f\u00fcr \u00fcberh\u00e4ngende Verglasung entspricht der Brandverhaltensgruppe RF2 nach DIN EN 13501-1 Hagelwiderstand: RG 5 ( VKF-Zertifikat )<\/p>\n","protected":false},"featured_media":30821,"template":"","meta":{"_acf_changed":false},"product_brand":[677],"product_cat":[360],"product_tag":[],"class_list":{"0":"post-30858","1":"product","2":"type-product","3":"status-publish","4":"has-post-thumbnail","6":"product_brand-solitek-de-2","7":"product_cat-solarmodule","10":"first","11":"instock","12":"downloadable","13":"virtual","14":"taxable","15":"product-type-simple"},"acf":[],"_links":{"self":[{"href":"https:\/\/evowatt.ch\/de\/wp-json\/wp\/v2\/product\/30858","targetHints":{"allow":["GET"]}}],"collection":[{"href":"https:\/\/evowatt.ch\/de\/wp-json\/wp\/v2\/product"}],"about":[{"href":"https:\/\/evowatt.ch\/de\/wp-json\/wp\/v2\/types\/product"}],"version-history":[{"count":1,"href":"https:\/\/evowatt.ch\/de\/wp-json\/wp\/v2\/product\/30858\/revisions"}],"predecessor-version":[{"id":32335,"href":"https:\/\/evowatt.ch\/de\/wp-json\/wp\/v2\/product\/30858\/revisions\/32335"}],"wp:featuredmedia":[{"embeddable":true,"href":"https:\/\/evowatt.ch\/de\/wp-json\/wp\/v2\/media\/30821"}],"wp:attachment":[{"href":"https:\/\/evowatt.ch\/de\/wp-json\/wp\/v2\/media?parent=30858"}],"wp:term":[{"taxonomy":"product_brand","embeddable":true,"href":"https:\/\/evowatt.ch\/de\/wp-json\/wp\/v2\/product_brand?post=30858"},{"taxonomy":"product_cat","embeddable":true,"href":"https:\/\/evowatt.ch\/de\/wp-json\/wp\/v2\/product_cat?post=30858"},{"taxonomy":"product_tag","embeddable":true,"href":"https:\/\/evowatt.ch\/de\/wp-json\/wp\/v2\/product_tag?post=30858"}],"curies":[{"name":"wp","href":"https:\/\/api.w.org\/{rel}","templated":true}]}}