{"id":30819,"date":"2025-10-23T15:26:23","date_gmt":"2025-10-23T13:26:23","guid":{"rendered":"https:\/\/evowatt.ch\/produit\/solid-agro-frameless-glass-glass-tranparent-290-3\/"},"modified":"2026-01-17T17:18:28","modified_gmt":"2026-01-17T16:18:28","slug":"solid-agro-frameless-glass-glass-tranparent-290-3","status":"publish","type":"product","link":"https:\/\/evowatt.ch\/de\/produkt\/solid-agro-frameless-glass-glass-tranparent-290-3\/","title":{"rendered":"SOLITEK SOLID AGRO OHNE RAHMEN GLAS\/GLAS KLAR 290W"},"content":{"rendered":"<p>Inklusive Kabel (ca. 120 cm) und Verbindungssystem MC4 EVO<br \/>\nTransparentes, rahmenloses Design<br \/>\nBifaziale Topcon Hochleistungs-Solarzellen<br \/>\nGlasdicke: 2x 3,2 mm<br \/>\nZugelassen f\u00fcr \u00fcberh\u00e4ngende Verglasungen<br \/>\nHagelwiderstand: RG 4 (<br \/>\nVKF-Zertifikat<br \/>\n)<\/p>\n","protected":false},"excerpt":{"rendered":"<p>Inklusive Kabel (ca. 120 cm) und Verbindungssystem MC4 EVO Transparentes, rahmenloses Design Bifaziale Topcon Hochleistungs-Solarzellen Glasdicke: 2x 3,2 mm Zugelassen f\u00fcr \u00fcberh\u00e4ngende Verglasungen Hagelwiderstand: RG 4 ( VKF-Zertifikat )<\/p>\n","protected":false},"featured_media":30798,"template":"","meta":{"_acf_changed":false},"product_brand":[677],"product_cat":[360],"product_tag":[],"class_list":{"0":"post-30819","1":"product","2":"type-product","3":"status-publish","4":"has-post-thumbnail","6":"product_brand-solitek-de-2","7":"product_cat-solarmodule","10":"first","11":"instock","12":"downloadable","13":"virtual","14":"taxable","15":"product-type-simple"},"acf":[],"_links":{"self":[{"href":"https:\/\/evowatt.ch\/de\/wp-json\/wp\/v2\/product\/30819","targetHints":{"allow":["GET"]}}],"collection":[{"href":"https:\/\/evowatt.ch\/de\/wp-json\/wp\/v2\/product"}],"about":[{"href":"https:\/\/evowatt.ch\/de\/wp-json\/wp\/v2\/types\/product"}],"version-history":[{"count":1,"href":"https:\/\/evowatt.ch\/de\/wp-json\/wp\/v2\/product\/30819\/revisions"}],"predecessor-version":[{"id":32340,"href":"https:\/\/evowatt.ch\/de\/wp-json\/wp\/v2\/product\/30819\/revisions\/32340"}],"wp:featuredmedia":[{"embeddable":true,"href":"https:\/\/evowatt.ch\/de\/wp-json\/wp\/v2\/media\/30798"}],"wp:attachment":[{"href":"https:\/\/evowatt.ch\/de\/wp-json\/wp\/v2\/media?parent=30819"}],"wp:term":[{"taxonomy":"product_brand","embeddable":true,"href":"https:\/\/evowatt.ch\/de\/wp-json\/wp\/v2\/product_brand?post=30819"},{"taxonomy":"product_cat","embeddable":true,"href":"https:\/\/evowatt.ch\/de\/wp-json\/wp\/v2\/product_cat?post=30819"},{"taxonomy":"product_tag","embeddable":true,"href":"https:\/\/evowatt.ch\/de\/wp-json\/wp\/v2\/product_tag?post=30819"}],"curies":[{"name":"wp","href":"https:\/\/api.w.org\/{rel}","templated":true}]}}