{"id":30762,"date":"2025-10-23T15:23:18","date_gmt":"2025-10-23T13:23:18","guid":{"rendered":"https:\/\/evowatt.ch\/produit\/solid-bifacial-framed-glass-glass-anti-glare-425\/"},"modified":"2026-01-17T17:18:45","modified_gmt":"2026-01-17T16:18:45","slug":"solid-bifacial-framed-glass-glass-anti-glare-425","status":"publish","type":"product","link":"https:\/\/evowatt.ch\/de\/produkt\/solid-bifacial-framed-glass-glass-anti-glare-425\/","title":{"rendered":"SOLITEK SOLID BIFACIAL MIT GLASRAHMEN\/ENTSPIEGELUNGSGLAS 425W"},"content":{"rendered":"<p>Inklusive Kabel (ca. 120 cm) und Steckverbindersystem MC4 EVO<br \/>\nRobuster Rahmen aus schwarz eloxiertem Aluminium<br \/>\nHochleistungs-Solarzellen TOPCon<br \/>\nGlasdicke: 2 \u00d7 3,2 mm<br \/>\nZugelassen f\u00fcr \u00fcberh\u00e4ngende Verglasungen<br \/>\nSatiniertes Glas mit starker Blendreduzierung<br \/>\nAbstand zwischen den Zellen: schwarz<br \/>\nEntspricht der Brandverhaltensklasse RG 2 nach DIN EN 13501-1<br \/>\nHagelwiderstandsklasse: RG 5 (<br \/>\nVKF-Zertifikat<br \/>\n).<\/p>\n","protected":false},"excerpt":{"rendered":"<p>Inklusive Kabel (ca. 120 cm) und Steckverbindersystem MC4 EVO Robuster Rahmen aus schwarz eloxiertem Aluminium Hochleistungs-Solarzellen TOPCon Glasdicke: 2 \u00d7 3,2 mm Zugelassen f\u00fcr \u00fcberh\u00e4ngende Verglasungen Satiniertes Glas mit starker Blendreduzierung Abstand zwischen den Zellen: schwarz Entspricht der Brandverhaltensklasse RG 2 nach DIN EN 13501-1 Hagelwiderstandsklasse: RG 5 ( VKF-Zertifikat ).<\/p>\n","protected":false},"featured_media":30734,"template":"","meta":{"_acf_changed":false},"product_brand":[677],"product_cat":[360],"product_tag":[],"class_list":{"0":"post-30762","1":"product","2":"type-product","3":"status-publish","4":"has-post-thumbnail","6":"product_brand-solitek-de-2","7":"product_cat-solarmodule","10":"first","11":"instock","12":"downloadable","13":"virtual","14":"taxable","15":"product-type-simple"},"acf":[],"_links":{"self":[{"href":"https:\/\/evowatt.ch\/de\/wp-json\/wp\/v2\/product\/30762","targetHints":{"allow":["GET"]}}],"collection":[{"href":"https:\/\/evowatt.ch\/de\/wp-json\/wp\/v2\/product"}],"about":[{"href":"https:\/\/evowatt.ch\/de\/wp-json\/wp\/v2\/types\/product"}],"version-history":[{"count":1,"href":"https:\/\/evowatt.ch\/de\/wp-json\/wp\/v2\/product\/30762\/revisions"}],"predecessor-version":[{"id":32350,"href":"https:\/\/evowatt.ch\/de\/wp-json\/wp\/v2\/product\/30762\/revisions\/32350"}],"wp:featuredmedia":[{"embeddable":true,"href":"https:\/\/evowatt.ch\/de\/wp-json\/wp\/v2\/media\/30734"}],"wp:attachment":[{"href":"https:\/\/evowatt.ch\/de\/wp-json\/wp\/v2\/media?parent=30762"}],"wp:term":[{"taxonomy":"product_brand","embeddable":true,"href":"https:\/\/evowatt.ch\/de\/wp-json\/wp\/v2\/product_brand?post=30762"},{"taxonomy":"product_cat","embeddable":true,"href":"https:\/\/evowatt.ch\/de\/wp-json\/wp\/v2\/product_cat?post=30762"},{"taxonomy":"product_tag","embeddable":true,"href":"https:\/\/evowatt.ch\/de\/wp-json\/wp\/v2\/product_tag?post=30762"}],"curies":[{"name":"wp","href":"https:\/\/api.w.org\/{rel}","templated":true}]}}