{"id":30684,"date":"2025-10-23T15:18:57","date_gmt":"2025-10-23T13:18:57","guid":{"rendered":"https:\/\/evowatt.ch\/produit\/solid-solrif-full-black-370w-b-60-33mm-2\/"},"modified":"2025-10-23T15:18:57","modified_gmt":"2025-10-23T13:18:57","slug":"solid-solrif-full-black-370w-b-60-33mm-2","status":"publish","type":"product","link":"https:\/\/evowatt.ch\/de\/produkt\/solid-solrif-full-black-370w-b-60-33mm-2\/","title":{"rendered":"SOLID SOLRIF FULL BLACK 370W B.60 3+3MM"},"content":{"rendered":"<p>***Warnung! Aufgrund des dickeren Glases wird das Modul mit einem Modulrahmen des Typs Solrif D installiert. Daher m\u00fcssen andere Montageb\u00fcgel und andere Randprofile verwendet werden.***<br \/>\neinschlie\u00dflich Kabel (ca. 120cm) und MC4-Steckverbindersystem EVO2<br \/>\nSolrif-Rahmen aus schwarz eloxiertem Aluminium Solrif D<br \/>\nVersion mit 3 mm Front- und R\u00fcckglas<br \/>\nHochleistungs-Solarzellen<br \/>\nVersion mit 10 Sammelschienen<br \/>\nHagelwiderstand: RG 4 (<br \/>\nVKF-Zertifikat<br \/>\n)<\/p>\n","protected":false},"excerpt":{"rendered":"<p>***Warnung! Aufgrund des dickeren Glases wird das Modul mit einem Modulrahmen des Typs Solrif D installiert. Daher m\u00fcssen andere Montageb\u00fcgel und andere Randprofile verwendet werden.*** einschlie\u00dflich Kabel (ca. 120cm) und MC4-Steckverbindersystem EVO2 Solrif-Rahmen aus schwarz eloxiertem Aluminium Solrif D Version mit 3 mm Front- und R\u00fcckglas Hochleistungs-Solarzellen Version mit 10 Sammelschienen Hagelwiderstand: RG 4 ( [&hellip;]<\/p>\n","protected":false},"featured_media":30657,"template":"","meta":{"_acf_changed":false},"product_brand":[677],"product_cat":[360],"product_tag":[],"class_list":{"0":"post-30684","1":"product","2":"type-product","3":"status-publish","4":"has-post-thumbnail","6":"product_brand-solitek-de-2","7":"product_cat-solarmodule","10":"first","11":"instock","12":"downloadable","13":"virtual","14":"taxable","15":"product-type-simple"},"acf":[],"_links":{"self":[{"href":"https:\/\/evowatt.ch\/de\/wp-json\/wp\/v2\/product\/30684","targetHints":{"allow":["GET"]}}],"collection":[{"href":"https:\/\/evowatt.ch\/de\/wp-json\/wp\/v2\/product"}],"about":[{"href":"https:\/\/evowatt.ch\/de\/wp-json\/wp\/v2\/types\/product"}],"version-history":[{"count":0,"href":"https:\/\/evowatt.ch\/de\/wp-json\/wp\/v2\/product\/30684\/revisions"}],"wp:featuredmedia":[{"embeddable":true,"href":"https:\/\/evowatt.ch\/de\/wp-json\/wp\/v2\/media\/30657"}],"wp:attachment":[{"href":"https:\/\/evowatt.ch\/de\/wp-json\/wp\/v2\/media?parent=30684"}],"wp:term":[{"taxonomy":"product_brand","embeddable":true,"href":"https:\/\/evowatt.ch\/de\/wp-json\/wp\/v2\/product_brand?post=30684"},{"taxonomy":"product_cat","embeddable":true,"href":"https:\/\/evowatt.ch\/de\/wp-json\/wp\/v2\/product_cat?post=30684"},{"taxonomy":"product_tag","embeddable":true,"href":"https:\/\/evowatt.ch\/de\/wp-json\/wp\/v2\/product_tag?post=30684"}],"curies":[{"name":"wp","href":"https:\/\/api.w.org\/{rel}","templated":true}]}}