{"id":30654,"date":"2025-10-23T15:17:35","date_gmt":"2025-10-23T13:17:35","guid":{"rendered":"https:\/\/evowatt.ch\/produit\/solid-frameless-glass-glass-435w-6\/"},"modified":"2025-10-23T15:17:35","modified_gmt":"2025-10-23T13:17:35","slug":"solid-frameless-glass-glass-435w-6","status":"publish","type":"product","link":"https:\/\/evowatt.ch\/de\/produkt\/solid-frameless-glass-glass-435w-6\/","title":{"rendered":"SOLID FRAMELESS GLASS\/GLASS 435W"},"content":{"rendered":"<p>Inklusive Kabel (ca. 120 cm) und Verbindungssystem MC4 EVO<br \/>\nTransparentes, rahmenloses Design<br \/>\nBifaziale Topcon Hochleistungs-Solarzellen<br \/>\nVersion mit 10 Sammelschienen<br \/>\nGlasdicke: 2x 3,2mm<br \/>\nZugelassen f\u00fcr \u00fcberh\u00e4ngende Verglasungen<br \/>\nHagelwiderstand: RG 4 (<br \/>\nVKF-Zertifikat<br \/>\n)<\/p>\n","protected":false},"excerpt":{"rendered":"<p>Inklusive Kabel (ca. 120 cm) und Verbindungssystem MC4 EVO Transparentes, rahmenloses Design Bifaziale Topcon Hochleistungs-Solarzellen Version mit 10 Sammelschienen Glasdicke: 2x 3,2mm Zugelassen f\u00fcr \u00fcberh\u00e4ngende Verglasungen Hagelwiderstand: RG 4 ( VKF-Zertifikat )<\/p>\n","protected":false},"featured_media":30636,"template":"","meta":{"_acf_changed":false},"product_brand":[],"product_cat":[15],"product_tag":[],"class_list":{"0":"post-30654","1":"product","2":"type-product","3":"status-publish","4":"has-post-thumbnail","6":"product_cat-chauffage-et-climatisation","9":"first","10":"instock","11":"downloadable","12":"virtual","13":"taxable","14":"product-type-simple"},"acf":[],"_links":{"self":[{"href":"https:\/\/evowatt.ch\/de\/wp-json\/wp\/v2\/product\/30654","targetHints":{"allow":["GET"]}}],"collection":[{"href":"https:\/\/evowatt.ch\/de\/wp-json\/wp\/v2\/product"}],"about":[{"href":"https:\/\/evowatt.ch\/de\/wp-json\/wp\/v2\/types\/product"}],"version-history":[{"count":0,"href":"https:\/\/evowatt.ch\/de\/wp-json\/wp\/v2\/product\/30654\/revisions"}],"wp:featuredmedia":[{"embeddable":true,"href":"https:\/\/evowatt.ch\/de\/wp-json\/wp\/v2\/media\/30636"}],"wp:attachment":[{"href":"https:\/\/evowatt.ch\/de\/wp-json\/wp\/v2\/media?parent=30654"}],"wp:term":[{"taxonomy":"product_brand","embeddable":true,"href":"https:\/\/evowatt.ch\/de\/wp-json\/wp\/v2\/product_brand?post=30654"},{"taxonomy":"product_cat","embeddable":true,"href":"https:\/\/evowatt.ch\/de\/wp-json\/wp\/v2\/product_cat?post=30654"},{"taxonomy":"product_tag","embeddable":true,"href":"https:\/\/evowatt.ch\/de\/wp-json\/wp\/v2\/product_tag?post=30654"}],"curies":[{"name":"wp","href":"https:\/\/api.w.org\/{rel}","templated":true}]}}