{"id":30151,"date":"2025-10-01T02:13:17","date_gmt":"2025-10-01T00:13:17","guid":{"rendered":"https:\/\/evowatt.ch\/produit\/solid-frameless-glass-glass-435w-4\/"},"modified":"2025-10-01T02:13:17","modified_gmt":"2025-10-01T00:13:17","slug":"solid-frameless-glass-glass-435w-4","status":"publish","type":"product","link":"https:\/\/evowatt.ch\/de\/produkt\/solid-frameless-glass-glass-435w-4\/","title":{"rendered":"SOLID FRAMELESS GLASS\/GLASS 435W"},"content":{"rendered":"<p>Inklusive Kabel (ca. 120 cm) und MC4-EVO Stecksystem<br \/>\nTransparente, rahmenlose Ausf\u00fchrung<br \/>\nBifaziale Hochleistungs-TOPCon-Solarzellen<br \/>\nGlasst\u00e4rke: 2 \u00d7 3,2 mm<br \/>\nZulassung f\u00fcr \u00dcberkopfverglasung<br \/>\nHagelwiderstandsklasse: HW 4 (<br \/>\nVKF Zertifikat<br \/>\n)<\/p>\n","protected":false},"excerpt":{"rendered":"<p>Inklusive Kabel (ca. 120 cm) und MC4-EVO Stecksystem Transparente, rahmenlose Ausf\u00fchrung Bifaziale Hochleistungs-TOPCon-Solarzellen Glasst\u00e4rke: 2 \u00d7 3,2 mm Zulassung f\u00fcr \u00dcberkopfverglasung Hagelwiderstandsklasse: HW 4 ( VKF Zertifikat )<\/p>\n","protected":false},"featured_media":30067,"template":"","meta":{"_acf_changed":false},"product_brand":[],"product_cat":[15],"product_tag":[],"class_list":{"0":"post-30151","1":"product","2":"type-product","3":"status-publish","4":"has-post-thumbnail","6":"product_cat-chauffage-et-climatisation","9":"first","10":"instock","11":"downloadable","12":"virtual","13":"taxable","14":"product-type-simple"},"acf":[],"_links":{"self":[{"href":"https:\/\/evowatt.ch\/de\/wp-json\/wp\/v2\/product\/30151","targetHints":{"allow":["GET"]}}],"collection":[{"href":"https:\/\/evowatt.ch\/de\/wp-json\/wp\/v2\/product"}],"about":[{"href":"https:\/\/evowatt.ch\/de\/wp-json\/wp\/v2\/types\/product"}],"version-history":[{"count":0,"href":"https:\/\/evowatt.ch\/de\/wp-json\/wp\/v2\/product\/30151\/revisions"}],"wp:featuredmedia":[{"embeddable":true,"href":"https:\/\/evowatt.ch\/de\/wp-json\/wp\/v2\/media\/30067"}],"wp:attachment":[{"href":"https:\/\/evowatt.ch\/de\/wp-json\/wp\/v2\/media?parent=30151"}],"wp:term":[{"taxonomy":"product_brand","embeddable":true,"href":"https:\/\/evowatt.ch\/de\/wp-json\/wp\/v2\/product_brand?post=30151"},{"taxonomy":"product_cat","embeddable":true,"href":"https:\/\/evowatt.ch\/de\/wp-json\/wp\/v2\/product_cat?post=30151"},{"taxonomy":"product_tag","embeddable":true,"href":"https:\/\/evowatt.ch\/de\/wp-json\/wp\/v2\/product_tag?post=30151"}],"curies":[{"name":"wp","href":"https:\/\/api.w.org\/{rel}","templated":true}]}}