{"id":29941,"date":"2025-10-01T02:02:17","date_gmt":"2025-10-01T00:02:17","guid":{"rendered":"https:\/\/evowatt.ch\/produit\/solid-frameless-glass-glass-full-black-435w-3\/"},"modified":"2025-10-01T02:02:17","modified_gmt":"2025-10-01T00:02:17","slug":"solid-frameless-glass-glass-full-black-435w-3","status":"publish","type":"product","link":"https:\/\/evowatt.ch\/de\/produkt\/solid-frameless-glass-glass-full-black-435w-3\/","title":{"rendered":"SOLID FRAMELESS GLASS\/GLASS FULL BLACK 435W"},"content":{"rendered":"<p>Inklusive Kabel (ca. 120 cm) und MC4-EVO Stecksystem<br \/>\nSchwarze, rahmenlose Ausf\u00fchrung<br \/>\nBifaziale Hochleistungs-TOPCon-Solarzellen<br \/>\nGlasst\u00e4rke: 2 \u00d7 3,2 mm<br \/>\nZulassung f\u00fcr \u00dcberkopfverglasung<br \/>\nEntspricht der Brandverhaltensgruppe RF2 nach DIN EN 13501-1<br \/>\nHagelwiderstandsklasse: HW 4 (<br \/>\nVKF Zertifikat<br \/>\n)<\/p>\n","protected":false},"excerpt":{"rendered":"<p>Inklusive Kabel (ca. 120 cm) und MC4-EVO Stecksystem Schwarze, rahmenlose Ausf\u00fchrung Bifaziale Hochleistungs-TOPCon-Solarzellen Glasst\u00e4rke: 2 \u00d7 3,2 mm Zulassung f\u00fcr \u00dcberkopfverglasung Entspricht der Brandverhaltensgruppe RF2 nach DIN EN 13501-1 Hagelwiderstandsklasse: HW 4 ( VKF Zertifikat )<\/p>\n","protected":false},"featured_media":29890,"template":"","meta":{"_acf_changed":false},"product_brand":[],"product_cat":[15],"product_tag":[],"class_list":{"0":"post-29941","1":"product","2":"type-product","3":"status-publish","4":"has-post-thumbnail","6":"product_cat-chauffage-et-climatisation","9":"first","10":"instock","11":"downloadable","12":"virtual","13":"taxable","14":"product-type-simple"},"acf":[],"_links":{"self":[{"href":"https:\/\/evowatt.ch\/de\/wp-json\/wp\/v2\/product\/29941","targetHints":{"allow":["GET"]}}],"collection":[{"href":"https:\/\/evowatt.ch\/de\/wp-json\/wp\/v2\/product"}],"about":[{"href":"https:\/\/evowatt.ch\/de\/wp-json\/wp\/v2\/types\/product"}],"version-history":[{"count":0,"href":"https:\/\/evowatt.ch\/de\/wp-json\/wp\/v2\/product\/29941\/revisions"}],"wp:featuredmedia":[{"embeddable":true,"href":"https:\/\/evowatt.ch\/de\/wp-json\/wp\/v2\/media\/29890"}],"wp:attachment":[{"href":"https:\/\/evowatt.ch\/de\/wp-json\/wp\/v2\/media?parent=29941"}],"wp:term":[{"taxonomy":"product_brand","embeddable":true,"href":"https:\/\/evowatt.ch\/de\/wp-json\/wp\/v2\/product_brand?post=29941"},{"taxonomy":"product_cat","embeddable":true,"href":"https:\/\/evowatt.ch\/de\/wp-json\/wp\/v2\/product_cat?post=29941"},{"taxonomy":"product_tag","embeddable":true,"href":"https:\/\/evowatt.ch\/de\/wp-json\/wp\/v2\/product_tag?post=29941"}],"curies":[{"name":"wp","href":"https:\/\/api.w.org\/{rel}","templated":true}]}}