{"id":29792,"date":"2025-10-01T00:34:04","date_gmt":"2025-09-30T22:34:04","guid":{"rendered":"https:\/\/evowatt.ch\/produit\/solid-solrif-d-anti-glare-425w-3-23-2mm-2\/"},"modified":"2025-10-01T00:34:04","modified_gmt":"2025-09-30T22:34:04","slug":"solid-solrif-d-anti-glare-425w-3-23-2mm-2","status":"publish","type":"product","link":"https:\/\/evowatt.ch\/de\/produkt\/solid-solrif-d-anti-glare-425w-3-23-2mm-2\/","title":{"rendered":"SOLID SOLRIF D ANTI-GLARE 425W 3.2+3.2MM"},"content":{"rendered":"<p>Inklusive Kabel (ca. 120 cm) und MC4 EVO Stecksystem<br \/>\nStabiler eloxierter schwarzer Solrif Aluminiumrahmen (Solrif D)<br \/>\nHochleistungs-TOPCon-Solarzellen<br \/>\nGlasst\u00e4rke: 2 \u00d7 3,2 mm<br \/>\nZulassung f\u00fcr \u00dcberkopfverglasung<br \/>\nStark blendreduziertes, satiniertes Glas<br \/>\nZellenzwischenr\u00e4ume: schwarz<br \/>\nEntspricht der Brandverhaltensgruppe RF2 nach DIN EN 13501-1<br \/>\nHagelwiderstandsklasse: HW 5 (<br \/>\nVKF Zertifikat<br \/>\n)<\/p>\n","protected":false},"excerpt":{"rendered":"<p>Inklusive Kabel (ca. 120 cm) und MC4 EVO Stecksystem Stabiler eloxierter schwarzer Solrif Aluminiumrahmen (Solrif D) Hochleistungs-TOPCon-Solarzellen Glasst\u00e4rke: 2 \u00d7 3,2 mm Zulassung f\u00fcr \u00dcberkopfverglasung Stark blendreduziertes, satiniertes Glas Zellenzwischenr\u00e4ume: schwarz Entspricht der Brandverhaltensgruppe RF2 nach DIN EN 13501-1 Hagelwiderstandsklasse: HW 5 ( VKF Zertifikat )<\/p>\n","protected":false},"featured_media":29735,"template":"","meta":{"_acf_changed":false},"product_brand":[],"product_cat":[15],"product_tag":[],"class_list":{"0":"post-29792","1":"product","2":"type-product","3":"status-publish","4":"has-post-thumbnail","6":"product_cat-chauffage-et-climatisation","9":"first","10":"instock","11":"downloadable","12":"virtual","13":"taxable","14":"product-type-simple"},"acf":[],"_links":{"self":[{"href":"https:\/\/evowatt.ch\/de\/wp-json\/wp\/v2\/product\/29792","targetHints":{"allow":["GET"]}}],"collection":[{"href":"https:\/\/evowatt.ch\/de\/wp-json\/wp\/v2\/product"}],"about":[{"href":"https:\/\/evowatt.ch\/de\/wp-json\/wp\/v2\/types\/product"}],"version-history":[{"count":0,"href":"https:\/\/evowatt.ch\/de\/wp-json\/wp\/v2\/product\/29792\/revisions"}],"wp:featuredmedia":[{"embeddable":true,"href":"https:\/\/evowatt.ch\/de\/wp-json\/wp\/v2\/media\/29735"}],"wp:attachment":[{"href":"https:\/\/evowatt.ch\/de\/wp-json\/wp\/v2\/media?parent=29792"}],"wp:term":[{"taxonomy":"product_brand","embeddable":true,"href":"https:\/\/evowatt.ch\/de\/wp-json\/wp\/v2\/product_brand?post=29792"},{"taxonomy":"product_cat","embeddable":true,"href":"https:\/\/evowatt.ch\/de\/wp-json\/wp\/v2\/product_cat?post=29792"},{"taxonomy":"product_tag","embeddable":true,"href":"https:\/\/evowatt.ch\/de\/wp-json\/wp\/v2\/product_tag?post=29792"}],"curies":[{"name":"wp","href":"https:\/\/api.w.org\/{rel}","templated":true}]}}