{"id":29732,"date":"2025-10-01T00:31:51","date_gmt":"2025-09-30T22:31:51","guid":{"rendered":"https:\/\/evowatt.ch\/produit\/solid-solrif-full-black-370w-b-60-33mm\/"},"modified":"2025-10-01T00:31:51","modified_gmt":"2025-09-30T22:31:51","slug":"solid-solrif-full-black-370w-b-60-33mm","status":"publish","type":"product","link":"https:\/\/evowatt.ch\/de\/produkt\/solid-solrif-full-black-370w-b-60-33mm\/","title":{"rendered":"SOLID SOLRIF FULL BLACK 370W B.60 3+3MM"},"content":{"rendered":"<p>***Achtung! Aufgrund des dickeren Glases wird das Modul mit dem Modulrahmen des Typs Solrif D verbaut. Dementsprechend m\u00fcssen andere Montageb\u00fcgel und Randabschlussprofile verwendet werden.***<br \/>\ninkl. Kabel (ca. 120 cm) und MC4 EVO2 Stecksystem<br \/>\nschwarzer Solrif Aluminiumrahmen Solrif D<br \/>\nAusf\u00fchrung mit 3 mm Front- und R\u00fcckglas<br \/>\nHochleistungs-Solarzellen<br \/>\nAusf\u00fchrung mit 9 Busbars<br \/>\nHagelwiderstandsklasse: HW 4 (<br \/>\nVKF Zertifikat<br \/>\n)<\/p>\n","protected":false},"excerpt":{"rendered":"<p>***Achtung! Aufgrund des dickeren Glases wird das Modul mit dem Modulrahmen des Typs Solrif D verbaut. Dementsprechend m\u00fcssen andere Montageb\u00fcgel und Randabschlussprofile verwendet werden.*** inkl. Kabel (ca. 120 cm) und MC4 EVO2 Stecksystem schwarzer Solrif Aluminiumrahmen Solrif D Ausf\u00fchrung mit 3 mm Front- und R\u00fcckglas Hochleistungs-Solarzellen Ausf\u00fchrung mit 9 Busbars Hagelwiderstandsklasse: HW 4 ( VKF [&hellip;]<\/p>\n","protected":false},"featured_media":29621,"template":"","meta":{"_acf_changed":false},"product_brand":[],"product_cat":[15],"product_tag":[],"class_list":{"0":"post-29732","1":"product","2":"type-product","3":"status-publish","4":"has-post-thumbnail","6":"product_cat-chauffage-et-climatisation","9":"first","10":"instock","11":"downloadable","12":"virtual","13":"taxable","14":"product-type-simple"},"acf":[],"_links":{"self":[{"href":"https:\/\/evowatt.ch\/de\/wp-json\/wp\/v2\/product\/29732","targetHints":{"allow":["GET"]}}],"collection":[{"href":"https:\/\/evowatt.ch\/de\/wp-json\/wp\/v2\/product"}],"about":[{"href":"https:\/\/evowatt.ch\/de\/wp-json\/wp\/v2\/types\/product"}],"version-history":[{"count":0,"href":"https:\/\/evowatt.ch\/de\/wp-json\/wp\/v2\/product\/29732\/revisions"}],"wp:featuredmedia":[{"embeddable":true,"href":"https:\/\/evowatt.ch\/de\/wp-json\/wp\/v2\/media\/29621"}],"wp:attachment":[{"href":"https:\/\/evowatt.ch\/de\/wp-json\/wp\/v2\/media?parent=29732"}],"wp:term":[{"taxonomy":"product_brand","embeddable":true,"href":"https:\/\/evowatt.ch\/de\/wp-json\/wp\/v2\/product_brand?post=29732"},{"taxonomy":"product_cat","embeddable":true,"href":"https:\/\/evowatt.ch\/de\/wp-json\/wp\/v2\/product_cat?post=29732"},{"taxonomy":"product_tag","embeddable":true,"href":"https:\/\/evowatt.ch\/de\/wp-json\/wp\/v2\/product_tag?post=29732"}],"curies":[{"name":"wp","href":"https:\/\/api.w.org\/{rel}","templated":true}]}}