{"id":29617,"date":"2025-10-01T00:28:32","date_gmt":"2025-09-30T22:28:32","guid":{"rendered":"https:\/\/evowatt.ch\/produit\/blackstar-bifacial-framed-glass-glass-435w-3\/"},"modified":"2025-10-01T00:28:32","modified_gmt":"2025-09-30T22:28:32","slug":"blackstar-bifacial-framed-glass-glass-435w-3","status":"publish","type":"product","link":"https:\/\/evowatt.ch\/de\/produkt\/blackstar-bifacial-framed-glass-glass-435w-3\/","title":{"rendered":"BLACKSTAR BIFACIAL FRAMED GLASS\/GLASS 435W"},"content":{"rendered":"<p>Inklusive Kabel (ca. 120 cm) und MC4 EVO Stecksystem<br \/>\nStabiler eloxierter schwarzer Aluminiumrahmen<br \/>\nBifaziale Hochleistungs-Topcon-Solarzellen<br \/>\nAusf\u00fchrung mit 10 Busbars<br \/>\nGlasst\u00e4rke: 2 \u00d7 2 mm<br \/>\nHagelwiderstandsklasse HW 3 (<br \/>\nVKF Zertifikat<br \/>\n)<\/p>\n","protected":false},"excerpt":{"rendered":"<p>Inklusive Kabel (ca. 120 cm) und MC4 EVO Stecksystem Stabiler eloxierter schwarzer Aluminiumrahmen Bifaziale Hochleistungs-Topcon-Solarzellen Ausf\u00fchrung mit 10 Busbars Glasst\u00e4rke: 2 \u00d7 2 mm Hagelwiderstandsklasse HW 3 ( VKF Zertifikat )<\/p>\n","protected":false},"featured_media":29557,"template":"","meta":{"_acf_changed":false},"product_brand":[],"product_cat":[15],"product_tag":[],"class_list":{"0":"post-29617","1":"product","2":"type-product","3":"status-publish","4":"has-post-thumbnail","6":"product_cat-chauffage-et-climatisation","9":"first","10":"instock","11":"downloadable","12":"virtual","13":"taxable","14":"product-type-simple"},"acf":[],"_links":{"self":[{"href":"https:\/\/evowatt.ch\/de\/wp-json\/wp\/v2\/product\/29617","targetHints":{"allow":["GET"]}}],"collection":[{"href":"https:\/\/evowatt.ch\/de\/wp-json\/wp\/v2\/product"}],"about":[{"href":"https:\/\/evowatt.ch\/de\/wp-json\/wp\/v2\/types\/product"}],"version-history":[{"count":0,"href":"https:\/\/evowatt.ch\/de\/wp-json\/wp\/v2\/product\/29617\/revisions"}],"wp:featuredmedia":[{"embeddable":true,"href":"https:\/\/evowatt.ch\/de\/wp-json\/wp\/v2\/media\/29557"}],"wp:attachment":[{"href":"https:\/\/evowatt.ch\/de\/wp-json\/wp\/v2\/media?parent=29617"}],"wp:term":[{"taxonomy":"product_brand","embeddable":true,"href":"https:\/\/evowatt.ch\/de\/wp-json\/wp\/v2\/product_brand?post=29617"},{"taxonomy":"product_cat","embeddable":true,"href":"https:\/\/evowatt.ch\/de\/wp-json\/wp\/v2\/product_cat?post=29617"},{"taxonomy":"product_tag","embeddable":true,"href":"https:\/\/evowatt.ch\/de\/wp-json\/wp\/v2\/product_tag?post=29617"}],"curies":[{"name":"wp","href":"https:\/\/api.w.org\/{rel}","templated":true}]}}