{"id":29554,"date":"2025-10-01T00:26:07","date_gmt":"2025-09-30T22:26:07","guid":{"rendered":"https:\/\/evowatt.ch\/produit\/solid-agro-frameless-glass-glass-tranparent-290-2\/"},"modified":"2025-10-01T00:26:07","modified_gmt":"2025-09-30T22:26:07","slug":"solid-agro-frameless-glass-glass-tranparent-290-2","status":"publish","type":"product","link":"https:\/\/evowatt.ch\/de\/produkt\/solid-agro-frameless-glass-glass-tranparent-290-2\/","title":{"rendered":"SOLID AGRO FRAMELESS GLASS\/GLASS TRANPARENT 290"},"content":{"rendered":"<p>inklusive Kabel (ca. 120 cm) und MC4 EVO Stecksystem<br \/>\ntransparente, rahmenlose Ausf\u00fchrung<br \/>\nbifaziale Hochleistungs-Topcon-Solarzellen<br \/>\nGlasst\u00e4rke: 2x 3,2 mm<br \/>\nZulassung f\u00fcr \u00dcberkopfverglasung<br \/>\nHagelwiderstandsklasse: HW 4 (<br \/>\nVKF Zertifikat<br \/>\n)<\/p>\n","protected":false},"excerpt":{"rendered":"<p>inklusive Kabel (ca. 120 cm) und MC4 EVO Stecksystem transparente, rahmenlose Ausf\u00fchrung bifaziale Hochleistungs-Topcon-Solarzellen Glasst\u00e4rke: 2x 3,2 mm Zulassung f\u00fcr \u00dcberkopfverglasung Hagelwiderstandsklasse: HW 4 ( VKF Zertifikat )<\/p>\n","protected":false},"featured_media":29467,"template":"","meta":{"_acf_changed":false},"product_brand":[],"product_cat":[15],"product_tag":[],"class_list":{"0":"post-29554","1":"product","2":"type-product","3":"status-publish","4":"has-post-thumbnail","6":"product_cat-chauffage-et-climatisation","9":"first","10":"instock","11":"downloadable","12":"virtual","13":"taxable","14":"product-type-simple"},"acf":[],"_links":{"self":[{"href":"https:\/\/evowatt.ch\/de\/wp-json\/wp\/v2\/product\/29554","targetHints":{"allow":["GET"]}}],"collection":[{"href":"https:\/\/evowatt.ch\/de\/wp-json\/wp\/v2\/product"}],"about":[{"href":"https:\/\/evowatt.ch\/de\/wp-json\/wp\/v2\/types\/product"}],"version-history":[{"count":0,"href":"https:\/\/evowatt.ch\/de\/wp-json\/wp\/v2\/product\/29554\/revisions"}],"wp:featuredmedia":[{"embeddable":true,"href":"https:\/\/evowatt.ch\/de\/wp-json\/wp\/v2\/media\/29467"}],"wp:attachment":[{"href":"https:\/\/evowatt.ch\/de\/wp-json\/wp\/v2\/media?parent=29554"}],"wp:term":[{"taxonomy":"product_brand","embeddable":true,"href":"https:\/\/evowatt.ch\/de\/wp-json\/wp\/v2\/product_brand?post=29554"},{"taxonomy":"product_cat","embeddable":true,"href":"https:\/\/evowatt.ch\/de\/wp-json\/wp\/v2\/product_cat?post=29554"},{"taxonomy":"product_tag","embeddable":true,"href":"https:\/\/evowatt.ch\/de\/wp-json\/wp\/v2\/product_tag?post=29554"}],"curies":[{"name":"wp","href":"https:\/\/api.w.org\/{rel}","templated":true}]}}