{"id":29240,"date":"2025-09-30T15:38:34","date_gmt":"2025-09-30T13:38:34","guid":{"rendered":"https:\/\/evowatt.ch\/produit\/solid-agro-frameless-glass-glass-tranparent-290\/"},"modified":"2025-09-30T15:38:34","modified_gmt":"2025-09-30T13:38:34","slug":"solid-agro-frameless-glass-glass-tranparent-290","status":"publish","type":"product","link":"https:\/\/evowatt.ch\/de\/produkt\/solid-agro-frameless-glass-glass-tranparent-290\/","title":{"rendered":"SOLID AGRO FRAMELESS GLASS\/GLASS TRANPARENT 290"},"content":{"rendered":"<p>inklusive Kabel (ca. 120 cm) und MC4 EVO Stecksystem<br \/>\ntransparente, rahmenlose Ausf\u00fchrung<br \/>\nbifaziale Hochleistungs-Topcon-Solarzellen<br \/>\nGlasst\u00e4rke: 2x 3,2 mm<br \/>\nZulassung f\u00fcr \u00dcberkopfverglasung<br \/>\nHagelwiderstandsklasse: HW 4 (<br \/>\nVKF Zertifikat<br \/>\n)<\/p>\n","protected":false},"excerpt":{"rendered":"<p>inklusive Kabel (ca. 120 cm) und MC4 EVO Stecksystem transparente, rahmenlose Ausf\u00fchrung bifaziale Hochleistungs-Topcon-Solarzellen Glasst\u00e4rke: 2x 3,2 mm Zulassung f\u00fcr \u00dcberkopfverglasung Hagelwiderstandsklasse: HW 4 ( VKF Zertifikat )<\/p>\n","protected":false},"featured_media":0,"template":"","meta":{"_acf_changed":false},"product_brand":[],"product_cat":[15],"product_tag":[],"class_list":{"0":"post-29240","1":"product","2":"type-product","3":"status-publish","5":"product_cat-chauffage-et-climatisation","7":"first","8":"instock","9":"virtual","10":"taxable","11":"product-type-simple"},"acf":[],"_links":{"self":[{"href":"https:\/\/evowatt.ch\/de\/wp-json\/wp\/v2\/product\/29240","targetHints":{"allow":["GET"]}}],"collection":[{"href":"https:\/\/evowatt.ch\/de\/wp-json\/wp\/v2\/product"}],"about":[{"href":"https:\/\/evowatt.ch\/de\/wp-json\/wp\/v2\/types\/product"}],"version-history":[{"count":0,"href":"https:\/\/evowatt.ch\/de\/wp-json\/wp\/v2\/product\/29240\/revisions"}],"wp:attachment":[{"href":"https:\/\/evowatt.ch\/de\/wp-json\/wp\/v2\/media?parent=29240"}],"wp:term":[{"taxonomy":"product_brand","embeddable":true,"href":"https:\/\/evowatt.ch\/de\/wp-json\/wp\/v2\/product_brand?post=29240"},{"taxonomy":"product_cat","embeddable":true,"href":"https:\/\/evowatt.ch\/de\/wp-json\/wp\/v2\/product_cat?post=29240"},{"taxonomy":"product_tag","embeddable":true,"href":"https:\/\/evowatt.ch\/de\/wp-json\/wp\/v2\/product_tag?post=29240"}],"curies":[{"name":"wp","href":"https:\/\/api.w.org\/{rel}","templated":true}]}}