{"id":29185,"date":"2025-09-09T13:21:14","date_gmt":"2025-09-09T11:21:14","guid":{"rendered":"https:\/\/evowatt.ch\/produit\/easee-equalizer-amp-bundle\/"},"modified":"2026-01-28T16:58:59","modified_gmt":"2026-01-28T15:58:59","slug":"easee-equalizer-amp-bundle","status":"publish","type":"product","link":"https:\/\/evowatt.ch\/de\/produkt\/easee-equalizer-amp-bundle\/","title":{"rendered":"Easee Equalizer Amp Bundle"},"content":{"rendered":"<p>Das Amp-Bundle enth\u00e4lt alle Komponenten, die f\u00fcr die Verwaltung der Easee-Last und der \u00dcberlast erforderlich sind.  <\/p>\n<p>Lieferumfang :<br \/>\n&#8211; 3 Stromtransformatoren 100 A (Kabell\u00e4nge 1 m)<br \/>\n&#8211; 1 Equalizer P1<br \/>\n&#8211; 1 Equalizer Amp<br \/>\n&#8211; 1 Anschlusskabel 230 V (Kabell\u00e4nge 1 m)<br \/>\n&#8211; 1 Erweiterungsanschluss<br \/>\n&#8211; 1 DIN-Halter<br \/>\n&#8211; 1 RJ12-Kabel 1,5 m<br \/>\n&#8211; 1 Amp Review  <\/p>\n<p>Anmeldung f\u00fcr die obligatorische Kontrolle Konfiguration des Equalizer Amp (Revision)<br \/>\nhttps:\/\/www.simplee-energy.ch\/formular-anmeldung-equalizer-inbetriebnahme<br \/>\nweniger<br \/>\nN<br \/>\n&#8211; 1 RJ12-Kabel 1,5 m<br \/>\n&#8211; 1 Amp Review  <\/p>\n<p>Anmeldung f\u00fcr die obligatorische Kontrolle Konfiguration des Equalizer Amp (Revision)<br \/>\nhttps:\/\/www.simplee-energy.ch\/formular-anmeldung-equalizer-inbetriebnahme<\/p>\n<p>Das Amp-Bundle ist f\u00fcr kleine Ladeinfrastrukturen bis zu maximal 3 Ladestationen (SDU-Standorte) konzipiert und hat folgende Einschr\u00e4nkungen:<br \/>\n&#8211; Messung durch Stromwandler bis max. 100 A.<br \/>\n&#8211; Stromwandler-Anschlusskabel 1 m (nicht dehnbar)<br \/>\n&#8211; Die maximale Entfernung zwischen dem Equalizer Amp und dem Equalizer betr\u00e4gt 15 m<br \/>\nminus<br \/>\nm <\/p>\n","protected":false},"excerpt":{"rendered":"<p>\u2714 Kategorie: Lastmanagement<br \/>\n\u2714 L\u00e4nge: 110 mm<br \/>\n\u2714 Breite: 110 mm<br \/>\n\u2714 Dicke: 30 mm<br \/>\n\u2714 Gewicht: 0.500 kg<\/p>\n","protected":false},"featured_media":29178,"template":"","meta":{"_acf_changed":false},"product_brand":[671],"product_cat":[401],"product_tag":[],"class_list":{"0":"post-29185","1":"product","2":"type-product","3":"status-publish","4":"has-post-thumbnail","6":"product_brand-easee-de-2","7":"product_cat-e-mobilitat","10":"first","11":"instock","12":"virtual","13":"taxable","14":"product-type-simple"},"acf":[],"_links":{"self":[{"href":"https:\/\/evowatt.ch\/de\/wp-json\/wp\/v2\/product\/29185","targetHints":{"allow":["GET"]}}],"collection":[{"href":"https:\/\/evowatt.ch\/de\/wp-json\/wp\/v2\/product"}],"about":[{"href":"https:\/\/evowatt.ch\/de\/wp-json\/wp\/v2\/types\/product"}],"version-history":[{"count":1,"href":"https:\/\/evowatt.ch\/de\/wp-json\/wp\/v2\/product\/29185\/revisions"}],"predecessor-version":[{"id":32276,"href":"https:\/\/evowatt.ch\/de\/wp-json\/wp\/v2\/product\/29185\/revisions\/32276"}],"wp:featuredmedia":[{"embeddable":true,"href":"https:\/\/evowatt.ch\/de\/wp-json\/wp\/v2\/media\/29178"}],"wp:attachment":[{"href":"https:\/\/evowatt.ch\/de\/wp-json\/wp\/v2\/media?parent=29185"}],"wp:term":[{"taxonomy":"product_brand","embeddable":true,"href":"https:\/\/evowatt.ch\/de\/wp-json\/wp\/v2\/product_brand?post=29185"},{"taxonomy":"product_cat","embeddable":true,"href":"https:\/\/evowatt.ch\/de\/wp-json\/wp\/v2\/product_cat?post=29185"},{"taxonomy":"product_tag","embeddable":true,"href":"https:\/\/evowatt.ch\/de\/wp-json\/wp\/v2\/product_tag?post=29185"}],"curies":[{"name":"wp","href":"https:\/\/api.w.org\/{rel}","templated":true}]}}